{"id":9267,"date":"2023-02-22T08:19:50","date_gmt":"2023-02-22T08:19:50","guid":{"rendered":"https:\/\/www.lagardecodegua.cl\/en\/?page_id=9267"},"modified":"2025-12-12T18:49:57","modified_gmt":"2025-12-12T18:49:57","slug":"noticias","status":"publish","type":"page","link":"https:\/\/www.lagardecodegua.cl\/en\/index.php\/noticias\/","title":{"rendered":"Noticias"},"content":{"rendered":"<p>[et_pb_section fb_built=\u00bb1&#8243; _builder_version=\u00bb4.19.0&#8243; _module_preset=\u00bbdefault\u00bb background_color=\u00bb#4f4f4f\u00bb background_image=\u00bbhttps:\/\/www.lagardecodegua.cl\/en\/wp-content\/uploads\/2023\/01\/Nuestros-Vinos.jpg\u00bb background_blend=\u00bboverlay\u00bb min_height_tablet=\u00bb240px\u00bb min_height_phone=\u00bb180px\u00bb min_height_last_edited=\u00bbon|phone\u00bb height=\u00bb350px\u00bb height_tablet=\u00bb240px\u00bb height_phone=\u00bb180px\u00bb height_last_edited=\u00bbon|phone\u00bb collapsed=\u00bboff\u00bb global_colors_info=\u00bb{}\u00bb][et_pb_row _builder_version=\u00bb4.19.0&#8243; _module_preset=\u00bbdefault\u00bb global_colors_info=\u00bb{}\u00bb][et_pb_column type=\u00bb4_4&#8243; _builder_version=\u00bb4.19.0&#8243; _module_preset=\u00bbdefault\u00bb global_colors_info=\u00bb{}\u00bb][et_pb_text _builder_version=\u00bb4.19.0&#8243; _module_preset=\u00bbdefault\u00bb text_font=\u00bb|600|||||||\u00bb text_text_color=\u00bb#FFFFFF\u00bb text_font_size=\u00bb60px\u00bb text_orientation=\u00bbcenter\u00bb text_font_size_tablet=\u00bb40px\u00bb text_font_size_phone=\u00bb28px\u00bb text_font_size_last_edited=\u00bbon|phone\u00bb global_colors_info=\u00bb{}\u00bb]<\/p>\n<p>NEWS<\/p>\n<p>[\/et_pb_text][\/et_pb_column][\/et_pb_row][\/et_pb_section][et_pb_section fb_built=\u00bb1&#8243; _builder_version=\u00bb4.19.0&#8243; _module_preset=\u00bbdefault\u00bb background_color=\u00bb#f7f4ef\u00bb global_colors_info=\u00bb{}\u00bb][et_pb_row column_structure=\u00bb1_3,1_3,1_3&#8243; _builder_version=\u00bb4.19.0&#8243; _module_preset=\u00bbdefault\u00bb global_colors_info=\u00bb{}\u00bb][et_pb_column type=\u00bb1_3&#8243; _builder_version=\u00bb4.19.0&#8243; _module_preset=\u00bbdefault\u00bb global_colors_info=\u00bb{}\u00bb][et_pb_blurb title=\u00bbDescorchados 2026&#8243; url_new_window=\u00bbon\u00bb image=\u00bbhttps:\/\/www.lagardecodegua.cl\/en\/wp-content\/uploads\/2025\/12\/COVER-NOTICIA-DESCORCHADOS-2026.png\u00bb admin_label=\u00bbDescorchados 2026&#8243; _builder_version=\u00bb4.27.4&#8243; _module_preset=\u00bbdefault\u00bb header_level=\u00bbh6&#8243; header_font=\u00bb|600|||||||\u00bb header_text_color=\u00bb#000000&#8243; header_font_size=\u00bb13px\u00bb animation=\u00bboff\u00bb link_option_url=\u00bbhttps:\/\/www.guiadescorchados.cl\/esp\/ \u00bb link_option_url_new_window=\u00bbon\u00bb hover_enabled=\u00bb0&#8243; global_colors_info=\u00bb{}\u00bb title_text=\u00bbCOVER NOTICIA DESCORCHADOS 2026&#8243; sticky_enabled=\u00bb0&#8243;]<\/p>\n<p><em>Ver m\u00e1s &#8230;<\/em><\/p>\n<p>[\/et_pb_blurb][\/et_pb_column][et_pb_column type=\u00bb1_3&#8243; _builder_version=\u00bb4.19.0&#8243; _module_preset=\u00bbdefault\u00bb global_colors_info=\u00bb{}\u00bb][et_pb_blurb title=\u00bbGu\u00eda Mesa de Cata 2026&#8243; url_new_window=\u00bbon\u00bb image=\u00bbhttps:\/\/www.lagardecodegua.cl\/en\/wp-content\/uploads\/2025\/12\/COVER-NOTICIA-GUIA-MESA-DE-CATA-2026-.png\u00bb admin_label=\u00bbGu\u00eda Mesa de Cata 2026&#8243; _builder_version=\u00bb4.27.4&#8243; _module_preset=\u00bbdefault\u00bb header_level=\u00bbh6&#8243; header_font=\u00bb|600|||||||\u00bb header_text_color=\u00bb#000000&#8243; header_font_size=\u00bb13px\u00bb animation=\u00bboff\u00bb link_option_url=\u00bbhttps:\/\/www.latercera.com\/nacional\/noticia\/las-apuestas-de-arturo-vidal-canchas-de-futbolito-caballos-de-carrera-y-ahora-un-vino\/IY2ORR3LWBHLTAWRXKTYHXBTOU\/\u00bb link_option_url_new_window=\u00bbon\u00bb hover_enabled=\u00bb0&#8243; global_colors_info=\u00bb{}\u00bb sticky_enabled=\u00bb0&#8243; title_text=\u00bbCOVER NOTICIA GUIA MESA DE CATA 2026&#8243;]<\/p>\n<p><em>Ver m\u00e1s &#8230;<\/em><\/p>\n<p>[\/et_pb_blurb][\/et_pb_column][et_pb_column type=\u00bb1_3&#8243; _builder_version=\u00bb4.19.0&#8243; _module_preset=\u00bbdefault\u00bb global_colors_info=\u00bb{}\u00bb][et_pb_blurb title=\u00bbLa CAV &#8211; Los otros Cabernet Sauvignon &#8230;Fuera del Maipo\u00bb url_new_window=\u00bbon\u00bb image=\u00bbhttps:\/\/www.lagardecodegua.cl\/en\/wp-content\/uploads\/2025\/06\/REPORTAJE-LA-CAV.png\u00bb admin_label=\u00bbLa CAV &#8211; CS fuera del Maipo\u00bb _builder_version=\u00bb4.27.4&#8243; _module_preset=\u00bbdefault\u00bb header_level=\u00bbh6&#8243; header_font=\u00bb|600|||||||\u00bb header_text_color=\u00bb#000000&#8243; header_font_size=\u00bb13px\u00bb animation=\u00bboff\u00bb link_option_url=\u00bbhttps:\/\/cav.cl\/revista\/edicion\/junio-2025&#8243; link_option_url_new_window=\u00bbon\u00bb global_colors_info=\u00bb{}\u00bb]<\/p>\n<p><em>Ver m\u00e1s &#8230;<\/em><\/p>\n<p>[\/et_pb_blurb][\/et_pb_column][\/et_pb_row][et_pb_row column_structure=\u00bb1_3,1_3,1_3&#8243; _builder_version=\u00bb4.19.0&#8243; _module_preset=\u00bbdefault\u00bb global_colors_info=\u00bb{}\u00bb][et_pb_column type=\u00bb1_3&#8243; _builder_version=\u00bb4.19.0&#8243; _module_preset=\u00bbdefault\u00bb global_colors_info=\u00bb{}\u00bb][et_pb_blurb title=\u00bbLas apuestas de Arturo Vidal\u00bb url_new_window=\u00bbon\u00bb image=\u00bbhttps:\/\/www.lagardecodegua.cl\/en\/wp-content\/uploads\/2024\/12\/NOTICIA-ARTURO-VIDAL.png\u00bb admin_label=\u00bbLas apuestas de Arturo Vidal\u00bb _builder_version=\u00bb4.21.0&#8243; _module_preset=\u00bbdefault\u00bb header_level=\u00bbh6&#8243; header_font=\u00bb|600|||||||\u00bb header_text_color=\u00bb#000000&#8243; header_font_size=\u00bb13px\u00bb animation=\u00bboff\u00bb link_option_url=\u00bbhttps:\/\/www.latercera.com\/nacional\/noticia\/las-apuestas-de-arturo-vidal-canchas-de-futbolito-caballos-de-carrera-y-ahora-un-vino\/IY2ORR3LWBHLTAWRXKTYHXBTOU\/\u00bb link_option_url_new_window=\u00bbon\u00bb global_colors_info=\u00bb{}\u00bb]<\/p>\n<p><em>Ver m\u00e1s &#8230;<\/em><\/p>\n<p>[\/et_pb_blurb][\/et_pb_column][et_pb_column type=\u00bb1_3&#8243; _builder_version=\u00bb4.19.0&#8243; _module_preset=\u00bbdefault\u00bb global_colors_info=\u00bb{}\u00bb][et_pb_blurb title=\u00bbExperiencias de enoturismo de Chile\u00bb url_new_window=\u00bbon\u00bb image=\u00bbhttps:\/\/www.lagardecodegua.cl\/en\/wp-content\/uploads\/2024\/05\/REVISTA-ED.png\u00bb _builder_version=\u00bb4.21.0&#8243; _module_preset=\u00bbdefault\u00bb header_level=\u00bbh6&#8243; header_font=\u00bb|600|||||||\u00bb header_text_color=\u00bb#000000&#8243; header_font_size=\u00bb13px\u00bb animation=\u00bboff\u00bb link_option_url=\u00bbhttps:\/\/www.ed.cl\/archivo\/actualidad\/experiencias-de-enoturismo-en-chile\/\u00bb link_option_url_new_window=\u00bbon\u00bb global_colors_info=\u00bb{}\u00bb]<\/p>\n<p><em>Ver m\u00e1s &#8230;<\/em><\/p>\n<p>[\/et_pb_blurb][\/et_pb_column][et_pb_column type=\u00bb1_3&#8243; _builder_version=\u00bb4.19.0&#8243; _module_preset=\u00bbdefault\u00bb global_colors_info=\u00bb{}\u00bb][et_pb_blurb title=\u00bbPROGRAMA CATAS SOMM &#8211; Aluvi\u00f3n\u00bb url_new_window=\u00bbon\u00bb image=\u00bbhttps:\/\/www.lagardecodegua.cl\/en\/wp-content\/uploads\/2024\/03\/CATAS-SOMM-ALUVION.png\u00bb _builder_version=\u00bb4.21.0&#8243; _module_preset=\u00bbdefault\u00bb header_level=\u00bbh6&#8243; header_font=\u00bb|600|||||||\u00bb header_text_color=\u00bb#000000&#8243; header_font_size=\u00bb13px\u00bb animation=\u00bboff\u00bb link_option_url=\u00bbhttps:\/\/youtu.be\/KLAFF0Py8fU?si=ODNC4ja-Ij6QHBNC\u00bb link_option_url_new_window=\u00bbon\u00bb global_colors_info=\u00bb{}\u00bb]<\/p>\n<p><em>Ver m\u00e1s &#8230;<\/em><\/p>\n<p>[\/et_pb_blurb][\/et_pb_column][\/et_pb_row][et_pb_row column_structure=\u00bb1_3,1_3,1_3&#8243; _builder_version=\u00bb4.19.0&#8243; _module_preset=\u00bbdefault\u00bb global_colors_info=\u00bb{}\u00bb][et_pb_column type=\u00bb1_3&#8243; _builder_version=\u00bb4.19.0&#8243; _module_preset=\u00bbdefault\u00bb global_colors_info=\u00bb{}\u00bb][et_pb_blurb title=\u00bbInforme Descorchados 2024 \u00bb url_new_window=\u00bbon\u00bb image=\u00bbhttps:\/\/www.lagardecodegua.cl\/en\/wp-content\/uploads\/2024\/11\/Descorchados-2024-.jpeg\u00bb _builder_version=\u00bb4.21.0&#8243; _module_preset=\u00bbdefault\u00bb header_level=\u00bbh6&#8243; header_font=\u00bb|600|||||||\u00bb header_text_color=\u00bb#000000&#8243; header_font_size=\u00bb13px\u00bb animation=\u00bboff\u00bb link_option_url=\u00bbhttps:\/\/guiadescorchados.cl\/archivos\/informe-chile-2024-esp.pdf\u00bb link_option_url_new_window=\u00bbon\u00bb global_colors_info=\u00bb{}\u00bb]<\/p>\n<p><em>Ver PDF &#8230;<\/em><\/p>\n<p>[\/et_pb_blurb][\/et_pb_column][et_pb_column type=\u00bb1_3&#8243; _builder_version=\u00bb4.19.0&#8243; _module_preset=\u00bbdefault\u00bb global_colors_info=\u00bb{}\u00bb][et_pb_blurb title=\u00bbVinos de Nicho de Chile \u00bb url_new_window=\u00bbon\u00bb image=\u00bbhttps:\/\/www.lagardecodegua.cl\/en\/wp-content\/uploads\/2023\/02\/VINOS-DE-NICHO-DE-CHILE.jpg\u00bb _builder_version=\u00bb4.19.0&#8243; _module_preset=\u00bbdefault\u00bb header_level=\u00bbh6&#8243; header_font=\u00bb|600|||||||\u00bb header_text_color=\u00bb#000000&#8243; header_font_size=\u00bb13px\u00bb animation=\u00bboff\u00bb link_option_url=\u00bbhttps:\/\/staticcl1.fidelizador.com\/prochile\/header-felipe\/Vinos_de_nicho_de_Chile.pdf\u00bb link_option_url_new_window=\u00bbon\u00bb global_colors_info=\u00bb{}\u00bb]<\/p>\n<p>Visualizar libro\u00a0 \u00abVinos de nicho de Chile\u00bb<\/p>\n<p><em>Ver PDF &#8230;<\/em><\/p>\n<p>[\/et_pb_blurb][\/et_pb_column][et_pb_column type=\u00bb1_3&#8243; _builder_version=\u00bb4.19.0&#8243; _module_preset=\u00bbdefault\u00bb global_colors_info=\u00bb{}\u00bb][et_pb_blurb title=\u00bbJamesSuckling.com &#8211; 100 value wines of 2021&#8243; url_new_window=\u00bbon\u00bb image=\u00bbhttps:\/\/www.lagardecodegua.cl\/en\/wp-content\/uploads\/2023\/02\/borrar.jpg\u00bb _builder_version=\u00bb4.19.0&#8243; _module_preset=\u00bbdefault\u00bb header_level=\u00bbh6&#8243; header_font=\u00bb|600|||||||\u00bb header_text_color=\u00bb#000000&#8243; header_font_size=\u00bb13px\u00bb animation=\u00bboff\u00bb link_option_url=\u00bbhttps:\/\/www.jamessuckling.com\/wine-tasting-reports\/top-100-value-wines-of-2021-35-or-less\/\u00bb link_option_url_new_window=\u00bbon\u00bb global_colors_info=\u00bb{}\u00bb]<\/p>\n<p><em>Ver m\u00e1s &#8230;<\/em><\/p>\n<p>[\/et_pb_blurb][\/et_pb_column][\/et_pb_row][et_pb_row column_structure=\u00bb1_3,1_3,1_3&#8243; _builder_version=\u00bb4.19.0&#8243; _module_preset=\u00bbdefault\u00bb global_colors_info=\u00bb{}\u00bb][et_pb_column type=\u00bb1_3&#8243; _builder_version=\u00bb4.19.0&#8243; _module_preset=\u00bbdefault\u00bb global_colors_info=\u00bb{}\u00bb][et_pb_blurb title=\u00bbNOSNOCHILE\u00bb url_new_window=\u00bbon\u00bb image=\u00bbhttps:\/\/www.lagardecodegua.cl\/en\/wp-content\/uploads\/2023\/02\/NOS-NO-CHILE-NOTICIAS.jpg\u00bb _builder_version=\u00bb4.19.0&#8243; _module_preset=\u00bbdefault\u00bb header_level=\u00bbh6&#8243; header_font=\u00bb|600|||||||\u00bb header_text_color=\u00bb#000000&#8243; header_font_size=\u00bb13px\u00bb animation=\u00bboff\u00bb link_option_url=\u00bbhttps:\/\/nosnochile.com.br\/chile-visitando-um-cassino-e-uma-vinicola-no-mesmo-dia\/\u00bb link_option_url_new_window=\u00bbon\u00bb global_colors_info=\u00bb{}\u00bb]<\/p>\n<p><em>Ver m\u00e1s &#8230;<\/em><\/p>\n<p>[\/et_pb_blurb][\/et_pb_column][et_pb_column type=\u00bb1_3&#8243; _builder_version=\u00bb4.19.0&#8243; _module_preset=\u00bbdefault\u00bb global_colors_info=\u00bb{}\u00bb][et_pb_blurb title=\u00bbHablemos de Vino\u00bb url_new_window=\u00bbon\u00bb image=\u00bbhttps:\/\/www.lagardecodegua.cl\/en\/wp-content\/uploads\/2023\/02\/HABLEMOS-DE-VINOS.jpg\u00bb _builder_version=\u00bb4.19.0&#8243; _module_preset=\u00bbdefault\u00bb header_level=\u00bbh6&#8243; header_font=\u00bb|600|||||||\u00bb header_text_color=\u00bb#000000&#8243; header_font_size=\u00bb13px\u00bb animation=\u00bboff\u00bb link_option_url=\u00bbhttps:\/\/www.instagram.com\/reel\/CmhVySchLT1\/?igshid=YmMyMTA2M2Y%3D\u00bb link_option_url_new_window=\u00bbon\u00bb global_colors_info=\u00bb{}\u00bb]<\/p>\n<p><em>Ver m\u00e1s &#8230;<\/em><\/p>\n<p>[\/et_pb_blurb][\/et_pb_column][et_pb_column type=\u00bb1_3&#8243; _builder_version=\u00bb4.19.0&#8243; _module_preset=\u00bbdefault\u00bb global_colors_info=\u00bb{}\u00bb][et_pb_blurb title=\u00bbMESA DE CATA REVISTA\u00bb url_new_window=\u00bbon\u00bb image=\u00bbhttps:\/\/www.lagardecodegua.cl\/en\/wp-content\/uploads\/2023\/02\/MESA-DE-CATA-REVISTA.jpg\u00bb _builder_version=\u00bb4.19.0&#8243; _module_preset=\u00bbdefault\u00bb header_level=\u00bbh6&#8243; header_font=\u00bb|600|||||||\u00bb header_text_color=\u00bb#000000&#8243; header_font_size=\u00bb13px\u00bb animation=\u00bboff\u00bb link_option_url=\u00bbhttps:\/\/cav.cl\/mdc_mgz\u00bb link_option_url_new_window=\u00bbon\u00bb global_colors_info=\u00bb{}\u00bb]<\/p>\n<p><em>Ver m\u00e1s &#8230;<\/em><\/p>\n<p>[\/et_pb_blurb][\/et_pb_column][\/et_pb_row][et_pb_row column_structure=\u00bb1_3,1_3,1_3&#8243; _builder_version=\u00bb4.19.0&#8243; _module_preset=\u00bbdefault\u00bb global_colors_info=\u00bb{}\u00bb][et_pb_column type=\u00bb1_3&#8243; _builder_version=\u00bb4.19.0&#8243; _module_preset=\u00bbdefault\u00bb global_colors_info=\u00bb{}\u00bb][et_pb_blurb title=\u00bbINSTAGRAM LA CAV\u00bb url_new_window=\u00bbon\u00bb image=\u00bbhttps:\/\/www.lagardecodegua.cl\/en\/wp-content\/uploads\/2023\/02\/IMAGEN-INSTAGRAM-MESA-DE-CATA-LA-CAV.jpg\u00bb _builder_version=\u00bb4.19.0&#8243; _module_preset=\u00bbdefault\u00bb header_level=\u00bbh6&#8243; header_font=\u00bb|600|||||||\u00bb header_text_color=\u00bb#000000&#8243; header_font_size=\u00bb13px\u00bb animation=\u00bboff\u00bb link_option_url=\u00bbhttps:\/\/www.instagram.com\/p\/Cl9NsZutNNx\/?igshid=YmMyMTA2M2Y%3D\u00bb link_option_url_new_window=\u00bbon\u00bb global_colors_info=\u00bb{}\u00bb]<\/p>\n<p><em>Ver m\u00e1s &#8230;<\/em><\/p>\n<p>[\/et_pb_blurb][\/et_pb_column][et_pb_column type=\u00bb1_3&#8243; _builder_version=\u00bb4.19.0&#8243; _module_preset=\u00bbdefault\u00bb global_colors_info=\u00bb{}\u00bb][et_pb_blurb title=\u00bbGU\u00cdA DESCORCHADOS 2022&#8243; url_new_window=\u00bbon\u00bb image=\u00bbhttps:\/\/www.lagardecodegua.cl\/en\/wp-content\/uploads\/2023\/02\/Descorchados.jpg\u00bb _builder_version=\u00bb4.19.0&#8243; _module_preset=\u00bbdefault\u00bb header_level=\u00bbh6&#8243; header_font=\u00bb|600|||||||\u00bb header_text_color=\u00bb#000000&#8243; header_font_size=\u00bb13px\u00bb animation=\u00bboff\u00bb link_option_url=\u00bbhttps:\/\/guiadescorchados.cl\/archivos\/informe-chile-2022-esp.pdf\u00bb link_option_url_new_window=\u00bbon\u00bb global_colors_info=\u00bb{}\u00bb]<\/p>\n<p><em>Ver m\u00e1s &#8230;<\/em><\/p>\n<p>[\/et_pb_blurb][\/et_pb_column][et_pb_column type=\u00bb1_3&#8243; _builder_version=\u00bb4.19.0&#8243; _module_preset=\u00bbdefault\u00bb global_colors_info=\u00bb{}\u00bb][et_pb_blurb title=\u00bbLA TERCERA\u00bb url_new_window=\u00bbon\u00bb image=\u00bbhttps:\/\/www.lagardecodegua.cl\/en\/wp-content\/uploads\/2023\/02\/NOTICIA-LA-TERCERA.jpg\u00bb _builder_version=\u00bb4.19.0&#8243; _module_preset=\u00bbdefault\u00bb header_level=\u00bbh6&#8243; header_font=\u00bb|600|||||||\u00bb header_text_color=\u00bb#000000&#8243; header_font_size=\u00bb13px\u00bb animation=\u00bboff\u00bb link_option_url=\u00bbhttps:\/\/www.latercera.com\/practico\/noticia\/vinos-ocho-cepas-que-quiza-no-has-probado-pero-que-es-hora-de-descubrir\/43EEGPI2LNBGXP2YJ5D4KYBJCA\/\u00bb link_option_url_new_window=\u00bbon\u00bb global_colors_info=\u00bb{}\u00bb]<\/p>\n<p><em>Ver m\u00e1s &#8230;<\/em><\/p>\n<p>[\/et_pb_blurb][\/et_pb_column][\/et_pb_row][et_pb_row column_structure=\u00bb1_3,1_3,1_3&#8243; _builder_version=\u00bb4.19.0&#8243; _module_preset=\u00bbdefault\u00bb global_colors_info=\u00bb{}\u00bb][et_pb_column type=\u00bb1_3&#8243; _builder_version=\u00bb4.19.0&#8243; _module_preset=\u00bbdefault\u00bb global_colors_info=\u00bb{}\u00bb][et_pb_blurb title=\u00bbEMOL NOTICIAS\u00bb url_new_window=\u00bbon\u00bb image=\u00bbhttps:\/\/www.lagardecodegua.cl\/en\/wp-content\/uploads\/2023\/02\/EMOL-NOTICIAS.jpg\u00bb _builder_version=\u00bb4.19.0&#8243; _module_preset=\u00bbdefault\u00bb header_level=\u00bbh6&#8243; header_font=\u00bb|600|||||||\u00bb header_text_color=\u00bb#000000&#8243; header_font_size=\u00bb13px\u00bb animation=\u00bboff\u00bb link_option_url=\u00bbhttps:\/\/www.emol.com\/noticias\/Tendencias\/2021\/12\/01\/1040048\/ranking-100-mejores-vinos-chilenos.html\u00bb link_option_url_new_window=\u00bbon\u00bb global_colors_info=\u00bb{}\u00bb]<\/p>\n<p><em>Ver m\u00e1s &#8230;<\/em><\/p>\n<p>[\/et_pb_blurb][\/et_pb_column][et_pb_column type=\u00bb1_3&#8243; _builder_version=\u00bb4.19.0&#8243; _module_preset=\u00bbdefault\u00bb global_colors_info=\u00bb{}\u00bb][et_pb_blurb title=\u00bbCanal 13 &#8211; Locos por el vino\u00bb url_new_window=\u00bbon\u00bb image=\u00bbhttps:\/\/www.lagardecodegua.cl\/en\/wp-content\/uploads\/2023\/02\/Canal-13-Locos-por-el-vino.jpg\u00bb _builder_version=\u00bb4.19.0&#8243; _module_preset=\u00bbdefault\u00bb header_level=\u00bbh6&#8243; header_font=\u00bb|600|||||||\u00bb header_text_color=\u00bb#000000&#8243; header_font_size=\u00bb13px\u00bb animation=\u00bboff\u00bb link_option_url=\u00bbhttps:\/\/www.youtube.com\/watch?v=odb95N41pbk\u00bb link_option_url_new_window=\u00bbon\u00bb global_colors_info=\u00bb{}\u00bb]<\/p>\n<p>En el sexto cap\u00edtulo de \u00abLocos x el Vino\u00bb, conocemos las sutilezas en el sabor que puede brindar un valle \u00fanico o un proceso espec\u00edfico.<br \/><em>Ver m\u00e1s &#8230;<\/em><\/p>\n<p>[\/et_pb_blurb][\/et_pb_column][et_pb_column type=\u00bb1_3&#8243; _builder_version=\u00bb4.19.0&#8243; _module_preset=\u00bbdefault\u00bb global_colors_info=\u00bb{}\u00bb][et_pb_blurb title=\u00bbClarin\u00bb url_new_window=\u00bbon\u00bb image=\u00bbhttps:\/\/www.lagardecodegua.cl\/en\/wp-content\/uploads\/2023\/04\/Clarin-Alex-Ibarra.png\u00bb _builder_version=\u00bb4.20.1&#8243; _module_preset=\u00bbdefault\u00bb header_level=\u00bbh6&#8243; header_font=\u00bb|600|||||||\u00bb header_text_color=\u00bb#000000&#8243; header_font_size=\u00bb13px\u00bb animation=\u00bboff\u00bb link_option_url=\u00bbhttps:\/\/www.elclarin.cl\/2023\/04\/06\/el-valor-patrimonial-del-vino-chileno-el-lugar-donde-nace-el-vino\/\u00bb link_option_url_new_window=\u00bbon\u00bb global_colors_info=\u00bb{}\u00bb]<\/p>\n<p><em>Ver m\u00e1s &#8230;<\/em><\/p>\n<p>[\/et_pb_blurb][\/et_pb_column][\/et_pb_row][et_pb_row column_structure=\u00bb1_3,1_3,1_3&#8243; _builder_version=\u00bb4.19.0&#8243; _module_preset=\u00bbdefault\u00bb global_colors_info=\u00bb{}\u00bb][et_pb_column type=\u00bb1_3&#8243; _builder_version=\u00bb4.19.0&#8243; _module_preset=\u00bbdefault\u00bb global_colors_info=\u00bb{}\u00bb][et_pb_blurb title=\u00bbJamesSuckling.com &#8211; Vinos de gran valor\u00bb url_new_window=\u00bbon\u00bb image=\u00bbhttps:\/\/www.lagardecodegua.cl\/en\/wp-content\/uploads\/2023\/02\/JAMES-SUCKLING-GREAT-VALUE.jpg\u00bb _builder_version=\u00bb4.19.0&#8243; _module_preset=\u00bbdefault\u00bb header_level=\u00bbh6&#8243; header_font=\u00bb|600|||||||\u00bb header_text_color=\u00bb#000000&#8243; header_font_size=\u00bb13px\u00bb animation=\u00bboff\u00bb link_option_url=\u00bbhttps:\/\/www.jamessuckling.com\/wine-tasting-reports\/great-value-wines-8-mediterranean-blends-from-chile-under-40\/\u00bb link_option_url_new_window=\u00bbon\u00bb global_colors_info=\u00bb{}\u00bb]<\/p>\n<p>Great value wines: 8 mediterranean blends from Chile for under $40.<br \/>Junio, 2021.<br \/><em>Ver m\u00e1s &#8230;<\/em><\/p>\n<p>[\/et_pb_blurb][\/et_pb_column][et_pb_column type=\u00bb1_3&#8243; _builder_version=\u00bb4.19.0&#8243; _module_preset=\u00bbdefault\u00bb global_colors_info=\u00bb{}\u00bb][\/et_pb_column][et_pb_column type=\u00bb1_3&#8243; _builder_version=\u00bb4.19.0&#8243; _module_preset=\u00bbdefault\u00bb global_colors_info=\u00bb{}\u00bb][\/et_pb_column][\/et_pb_row][\/et_pb_section]<\/p>\n","protected":false},"excerpt":{"rendered":"<p>NEWSVer m\u00e1s &#8230;Ver m\u00e1s &#8230;Ver m\u00e1s &#8230;Ver m\u00e1s &#8230;Ver m\u00e1s &#8230;Ver m\u00e1s &#8230;Ver PDF &#8230;Visualizar libro\u00a0 \u00abVinos de nicho de Chile\u00bb Ver PDF &#8230;Ver m\u00e1s &#8230;Ver m\u00e1s &#8230;Ver m\u00e1s &#8230;Ver m\u00e1s &#8230;Ver m\u00e1s &#8230;Ver m\u00e1s &#8230;Ver m\u00e1s &#8230;Ver m\u00e1s &#8230;En el sexto cap\u00edtulo de \u00abLocos x el Vino\u00bb, conocemos las sutilezas en el sabor que [&hellip;]<\/p>\n","protected":false},"author":1,"featured_media":0,"parent":0,"menu_order":0,"comment_status":"closed","ping_status":"closed","template":"","meta":{"_et_pb_use_builder":"on","_et_pb_old_content":"","_et_gb_content_width":"","footnotes":""},"class_list":["post-9267","page","type-page","status-publish","hentry"],"_links":{"self":[{"href":"https:\/\/www.lagardecodegua.cl\/en\/index.php\/wp-json\/wp\/v2\/pages\/9267","targetHints":{"allow":["GET"]}}],"collection":[{"href":"https:\/\/www.lagardecodegua.cl\/en\/index.php\/wp-json\/wp\/v2\/pages"}],"about":[{"href":"https:\/\/www.lagardecodegua.cl\/en\/index.php\/wp-json\/wp\/v2\/types\/page"}],"author":[{"embeddable":true,"href":"https:\/\/www.lagardecodegua.cl\/en\/index.php\/wp-json\/wp\/v2\/users\/1"}],"replies":[{"embeddable":true,"href":"https:\/\/www.lagardecodegua.cl\/en\/index.php\/wp-json\/wp\/v2\/comments?post=9267"}],"version-history":[{"count":17,"href":"https:\/\/www.lagardecodegua.cl\/en\/index.php\/wp-json\/wp\/v2\/pages\/9267\/revisions"}],"predecessor-version":[{"id":10121,"href":"https:\/\/www.lagardecodegua.cl\/en\/index.php\/wp-json\/wp\/v2\/pages\/9267\/revisions\/10121"}],"wp:attachment":[{"href":"https:\/\/www.lagardecodegua.cl\/en\/index.php\/wp-json\/wp\/v2\/media?parent=9267"}],"curies":[{"name":"wp","href":"https:\/\/api.w.org\/{rel}","templated":true}]}}