{"id":10150,"date":"2026-03-30T12:51:42","date_gmt":"2026-03-30T12:51:42","guid":{"rendered":"https:\/\/www.lagardecodegua.cl\/en\/?post_type=product&#038;p=10150"},"modified":"2026-03-30T12:55:37","modified_gmt":"2026-03-30T12:55:37","slug":"pack-historicos","status":"publish","type":"product","link":"https:\/\/www.lagardecodegua.cl\/en\/index.php\/producto\/pack-historicos\/","title":{"rendered":"Pack Hist\u00f3ricos"},"content":{"rendered":"","protected":false},"excerpt":{"rendered":"<p>One box with 3 bottles of Syrah Edici\u00f3n Limitada and 3 bottles of Aluvi\u00f3n Blend.<\/p>\n","protected":false},"featured_media":10147,"template":"","meta":{"_et_pb_use_builder":"","_et_pb_old_content":"","_et_gb_content_width":""},"product_brand":[],"product_cat":[40],"product_tag":[],"class_list":{"0":"post-10150","1":"product","2":"type-product","3":"status-publish","4":"has-post-thumbnail","6":"product_cat-pack","8":"first","9":"instock","10":"sale","11":"shipping-taxable","12":"purchasable","13":"product-type-simple"},"_links":{"self":[{"href":"https:\/\/www.lagardecodegua.cl\/en\/index.php\/wp-json\/wp\/v2\/product\/10150","targetHints":{"allow":["GET"]}}],"collection":[{"href":"https:\/\/www.lagardecodegua.cl\/en\/index.php\/wp-json\/wp\/v2\/product"}],"about":[{"href":"https:\/\/www.lagardecodegua.cl\/en\/index.php\/wp-json\/wp\/v2\/types\/product"}],"wp:featuredmedia":[{"embeddable":true,"href":"https:\/\/www.lagardecodegua.cl\/en\/index.php\/wp-json\/wp\/v2\/media\/10147"}],"wp:attachment":[{"href":"https:\/\/www.lagardecodegua.cl\/en\/index.php\/wp-json\/wp\/v2\/media?parent=10150"}],"wp:term":[{"taxonomy":"product_brand","embeddable":true,"href":"https:\/\/www.lagardecodegua.cl\/en\/index.php\/wp-json\/wp\/v2\/product_brand?post=10150"},{"taxonomy":"product_cat","embeddable":true,"href":"https:\/\/www.lagardecodegua.cl\/en\/index.php\/wp-json\/wp\/v2\/product_cat?post=10150"},{"taxonomy":"product_tag","embeddable":true,"href":"https:\/\/www.lagardecodegua.cl\/en\/index.php\/wp-json\/wp\/v2\/product_tag?post=10150"}],"curies":[{"name":"wp","href":"https:\/\/api.w.org\/{rel}","templated":true}]}}