{"id":3964,"date":"2022-12-13T18:41:53","date_gmt":"2022-12-13T18:41:53","guid":{"rendered":"https:\/\/www.lagardecodegua.cl\/es\/?page_id=3964"},"modified":"2026-01-06T12:21:00","modified_gmt":"2026-01-06T12:21:00","slug":"home","status":"publish","type":"page","link":"https:\/\/www.lagardecodegua.cl\/es\/","title":{"rendered":"Home"},"content":{"rendered":"<p>[et_pb_section fb_built=\u00bb1&#8243; fullwidth=\u00bbon\u00bb _builder_version=\u00bb4.27.4&#8243; _module_preset=\u00bbdefault\u00bb min_height_tablet=\u00bb240px\u00bb min_height_phone=\u00bb180px\u00bb min_height_last_edited=\u00bbon|phone\u00bb height=\u00bb70vh\u00bb height_tablet=\u00bb240px\u00bb height_phone=\u00bb180px\u00bb height_last_edited=\u00bbon|phone\u00bb custom_margin=\u00bb||||false|false\u00bb custom_padding=\u00bb||||false|false\u00bb global_colors_info=\u00bb{}\u00bb][et_pb_fullwidth_slider arrows_custom_color=\u00bbrgba(255,255,255,0.2)\u00bb _builder_version=\u00bb4.27.4&#8243; _module_preset=\u00bbdefault\u00bb background_color=\u00bb#000000&#8243; min_height=\u00bb70vh\u00bb min_height_tablet=\u00bb100vh\u00bb min_height_phone=\u00bb280px\u00bb min_height_last_edited=\u00bbon|phone\u00bb height=\u00bb70vh\u00bb height_tablet=\u00bb\u00bb height_phone=\u00bb280px\u00bb height_last_edited=\u00bbon|phone\u00bb custom_margin=\u00bb||||false|false\u00bb custom_padding=\u00bb||||false|false\u00bb animation_style=\u00bbfade\u00bb auto=\u00bbon\u00bb auto_speed=\u00bb4000&#8243; hover_enabled=\u00bb0&#8243; custom_css_slide_description=\u00bbAnimation-name: none;\u00bb global_colors_info=\u00bb{}\u00bb sticky_enabled=\u00bb0&#8243;][et_pb_slide button_link=\u00bbhttps:\/\/www.lagardecodegua.cl\/es\/index.php\/noticias\/\u00bb use_bg_overlay=\u00bboff\u00bb use_text_overlay=\u00bboff\u00bb admin_title=\u00bbBanner Descorchados\u00bb _builder_version=\u00bb4.27.4&#8243; _module_preset=\u00bbdefault\u00bb header_font=\u00bb|||on|||||\u00bb header_font_size=\u00bb43px\u00bb header_line_height=\u00bb1.2em\u00bb background_enable_color=\u00bboff\u00bb background_image=\u00bbhttps:\/\/www.lagardecodegua.cl\/es\/wp-content\/uploads\/2025\/12\/BANNER-DESCORCHADOS-2026.png\u00bb background_enable_image=\u00bbon\u00bb link_option_url=\u00bbhttps:\/\/www.lagardecodegua.cl\/es\/index.php\/noticias\/\u00bb header_font_size_tablet=\u00bb28px\u00bb header_font_size_phone=\u00bb18px\u00bb header_font_size_last_edited=\u00bbon|phone\u00bb custom_css_slide_title=\u00bb||\u00bb custom_css_slide_description=\u00bbmargin-left:55%;||\/*margin-right:5%;*\/\u00bb custom_css_slide_button=\u00bbmargin-left:40%;\u00bb global_colors_info=\u00bb{}\u00bb custom_css_slide_description_last_edited=\u00bbon|phone\u00bb custom_css_slide_description_phone=\u00bbmargin-left:30%;||\u00bb custom_css_slide_description_tablet=\u00bbmargin-left:58%;\u00bb custom_css_slide_title_last_edited=\u00bbon|desktop\u00bb custom_css_slide_title_tablet=\u00bb||\u00bb custom_css_slide_title_phone=\u00bb||\u00bb sticky_transition=\u00bbon\u00bb][\/et_pb_slide][et_pb_slide button_text=\u00bbIr a Tienda\u00bb button_link=\u00bb@ET-DC@eyJkeW5hbWljIjp0cnVlLCJjb250ZW50IjoicG9zdF9saW5rX3VybF9wYWdlIiwic2V0dGluZ3MiOnsicG9zdF9pZCI6Ijc2MDkifX0=@\u00bb use_bg_overlay=\u00bboff\u00bb use_text_overlay=\u00bboff\u00bb admin_title=\u00bbdescubre\u00bb _builder_version=\u00bb4.27.4&#8243; _dynamic_attributes=\u00bbbutton_link\u00bb _module_preset=\u00bbdefault\u00bb header_font=\u00bb|||on|||||\u00bb header_font_size=\u00bb43px\u00bb header_line_height=\u00bb1.2em\u00bb background_color=\u00bb#000000&#8243; background_enable_color=\u00bbon\u00bb background_image=\u00bbhttps:\/\/www.lagardecodegua.cl\/es\/wp-content\/uploads\/2025\/12\/BANNER-DESCUBRE-LAGAR-ESP.png\u00bb background_enable_image=\u00bbon\u00bb header_font_size_tablet=\u00bb28px\u00bb header_font_size_phone=\u00bb18px\u00bb header_font_size_last_edited=\u00bbon|phone\u00bb custom_css_slide_title=\u00bb||\u00bb custom_css_slide_description=\u00bbmargin-left:55%;||\/*margin-right:5%;*\/\u00bb custom_css_slide_button=\u00bbmargin-left:40%;\u00bb global_colors_info=\u00bb{}\u00bb custom_css_slide_description_last_edited=\u00bbon|phone\u00bb custom_css_slide_description_phone=\u00bbmargin-left:30%;||\u00bb custom_css_slide_description_tablet=\u00bbmargin-left:58%;\u00bb custom_css_slide_title_last_edited=\u00bbon|desktop\u00bb custom_css_slide_title_tablet=\u00bb||\u00bb custom_css_slide_title_phone=\u00bb||\u00bb sticky_transition=\u00bbon\u00bb][\/et_pb_slide][et_pb_slide heading=\u00bbLagar de Codegua Winery\u00bb button_text=\u00bbVer m\u00e1s\u00bb button_link=\u00bb@ET-DC@eyJkeW5hbWljIjp0cnVlLCJjb250ZW50IjoicG9zdF9saW5rX3VybF9wYWdlIiwic2V0dGluZ3MiOnsicG9zdF9pZCI6Ijg1ODMifX0=@\u00bb use_bg_overlay=\u00bbon\u00bb use_text_overlay=\u00bboff\u00bb _builder_version=\u00bb4.27.4&#8243; _dynamic_attributes=\u00bbbutton_link\u00bb _module_preset=\u00bbdefault\u00bb header_font=\u00bb|||on|||||\u00bb header_font_size=\u00bb43px\u00bb header_line_height=\u00bb1.2em\u00bb background_enable_color=\u00bboff\u00bb background_image=\u00bbhttps:\/\/www.lagardecodegua.cl\/es\/wp-content\/uploads\/2023\/02\/vinedo-slider.jpg\u00bb background_enable_image=\u00bbon\u00bb header_font_size_tablet=\u00bb28px\u00bb header_font_size_phone=\u00bb18px\u00bb header_font_size_last_edited=\u00bbon|phone\u00bb custom_css_slide_title=\u00bb||\u00bb custom_css_slide_description=\u00bbmargin-left:35%;||margin-right:5%;\u00bb global_colors_info=\u00bb{}\u00bb custom_css_slide_description_last_edited=\u00bbon|phone\u00bb custom_css_slide_description_phone=\u00bbmargin-left:10%;||margin-right:5%;\u00bb custom_css_slide_description_tablet=\u00bbmargin-left:35%;||margin-right:5%;\u00bb sticky_transition=\u00bbon\u00bb][\/et_pb_slide][et_pb_slide heading=\u00bbENOTURISMO\u00bb button_text=\u00bbVer m\u00e1s\u00bb button_link=\u00bbhttps:\/\/www.lagardecodegua.cl\/es\/index.php\/enoturismo-2\/\u00bb use_bg_overlay=\u00bbon\u00bb use_text_overlay=\u00bboff\u00bb _builder_version=\u00bb4.21.0&#8243; _module_preset=\u00bbdefault\u00bb header_font=\u00bb|||on|||||\u00bb header_font_size=\u00bb43px\u00bb body_font_size=\u00bb19px\u00bb body_letter_spacing=\u00bb1px\u00bb body_line_height=\u00bb1.8em\u00bb background_enable_color=\u00bboff\u00bb background_image=\u00bbhttps:\/\/www.lagardecodegua.cl\/es\/wp-content\/uploads\/2023\/02\/ENOTURISMO-slider.jpg\u00bb background_enable_image=\u00bbon\u00bb background_blend=\u00bbdarken\u00bb header_font_size_tablet=\u00bb28px\u00bb header_font_size_phone=\u00bb18px\u00bb header_font_size_last_edited=\u00bbon|phone\u00bb header_line_height_tablet=\u00bb1.3em\u00bb header_line_height_phone=\u00bb1.5em\u00bb header_line_height_last_edited=\u00bbon|tablet\u00bb body_font_size_tablet=\u00bb16px\u00bb body_font_size_phone=\u00bb13px\u00bb body_font_size_last_edited=\u00bbon|phone\u00bb custom_css_slide_title=\u00bb||\u00bb custom_css_slide_description=\u00bbmargin-left:35%;||margin-right:5%;\u00bb global_colors_info=\u00bb{}\u00bb custom_css_slide_description_last_edited=\u00bbon|desktop\u00bb custom_css_slide_description_phone=\u00bbmargin-left:10%;||margin-right:5%;\u00bb custom_css_slide_description_tablet=\u00bbmargin-left:35%;||margin-right:5%;\u00bb sticky_transition=\u00bbon\u00bb][\/et_pb_slide][et_pb_slide use_bg_overlay=\u00bbon\u00bb bg_overlay_color=\u00bbrgba(0,0,0,0.3)\u00bb use_text_overlay=\u00bboff\u00bb admin_title=\u00bbVendimia\u00bb content_tablet=\u00bb\u00bb content_phone=\u00bb\u00bb content_last_edited=\u00bbon|phone\u00bb _builder_version=\u00bb4.21.0&#8243; _module_preset=\u00bbdefault\u00bb header_font=\u00bb|||on|||||\u00bb header_font_size=\u00bb43px\u00bb background_enable_color=\u00bboff\u00bb background_image=\u00bbhttps:\/\/www.lagardecodegua.cl\/es\/wp-content\/uploads\/2023\/02\/vendimia-slider.jpg\u00bb background_enable_image=\u00bbon\u00bb background_position=\u00bbcenter_right\u00bb header_font_size_tablet=\u00bb28px\u00bb header_font_size_phone=\u00bb18px\u00bb header_font_size_last_edited=\u00bbon|phone\u00bb custom_css_slide_title=\u00bb||\u00bb custom_css_slide_description=\u00bbmargin-left:35%;||margin-right:5%;\u00bb global_colors_info=\u00bb{}\u00bb custom_css_slide_description_last_edited=\u00bbon|desktop\u00bb custom_css_slide_description_phone=\u00bbmargin-left:10%;||margin-right:5%;\u00bb custom_css_slide_description_tablet=\u00bbmargin-left:35%;||margin-right:5%;\u00bb sticky_transition=\u00bbon\u00bb][\/et_pb_slide][et_pb_slide button_link=\u00bbhttps:\/\/www.lagardecodegua.cl\/es\/index.php\/noticias\/\u00bb use_bg_overlay=\u00bbon\u00bb bg_overlay_color=\u00bbrgba(0,0,0,0.3)\u00bb use_text_overlay=\u00bboff\u00bb admin_title=\u00bbguia\u00bb content_tablet=\u00bb\u00bb content_phone=\u00bb\u00bb content_last_edited=\u00bbon|phone\u00bb _builder_version=\u00bb4.27.4&#8243; _module_preset=\u00bbdefault\u00bb header_font=\u00bb|||on|||||\u00bb header_font_size=\u00bb43px\u00bb background_color=\u00bb#000000&#8243; background_enable_color=\u00bbon\u00bb background_image=\u00bbhttps:\/\/www.lagardecodegua.cl\/es\/wp-content\/uploads\/2025\/12\/BANNER-GUIA-MESA-CATA-2026.png\u00bb background_enable_image=\u00bbon\u00bb background_position=\u00bbcenter_right\u00bb link_option_url=\u00bbhttps:\/\/www.lagardecodegua.cl\/es\/index.php\/noticias\/\u00bb header_font_size_tablet=\u00bb28px\u00bb header_font_size_phone=\u00bb18px\u00bb header_font_size_last_edited=\u00bbon|phone\u00bb custom_css_slide_title=\u00bb||\u00bb custom_css_slide_description=\u00bbmargin-left:35%;||margin-right:5%;\u00bb global_colors_info=\u00bb{}\u00bb custom_css_slide_description_last_edited=\u00bbon|desktop\u00bb custom_css_slide_description_phone=\u00bbmargin-left:10%;||margin-right:5%;\u00bb custom_css_slide_description_tablet=\u00bbmargin-left:35%;||margin-right:5%;\u00bb sticky_transition=\u00bbon\u00bb][\/et_pb_slide][\/et_pb_fullwidth_slider][\/et_pb_section][et_pb_section fb_built=\u00bb1&#8243; custom_padding_last_edited=\u00bbon|tablet\u00bb _builder_version=\u00bb4.27.4&#8243; _module_preset=\u00bbdefault\u00bb background_enable_color=\u00bboff\u00bb custom_margin_tablet=\u00bb40vh||||false|false\u00bb custom_margin_phone=\u00bb15vh||||false|false\u00bb custom_margin_last_edited=\u00bbon|phone\u00bb custom_padding=\u00bb6%||6%||true|false\u00bb custom_padding_tablet=\u00bb0%||||false|false\u00bb custom_padding_phone=\u00bb0%||||false|false\u00bb global_colors_info=\u00bb{}\u00bb][et_pb_row column_structure=\u00bb1_2,1_2&#8243; _builder_version=\u00bb4.19.0&#8243; _module_preset=\u00bbdefault\u00bb global_colors_info=\u00bb{}\u00bb][et_pb_column type=\u00bb1_2&#8243; _builder_version=\u00bb4.19.0&#8243; _module_preset=\u00bbdefault\u00bb global_colors_info=\u00bb{}\u00bb][et_pb_text _builder_version=\u00bb4.21.0&#8243; _module_preset=\u00bbdefault\u00bb header_font=\u00bbMontserrat|200||on|||||\u00bb header_text_align=\u00bbleft\u00bb header_text_color=\u00bb#000000&#8243; header_font_size=\u00bb42px\u00bb header_line_height=\u00bb1.5em\u00bb header_font_size_tablet=\u00bb32px\u00bb header_font_size_phone=\u00bb25px\u00bb header_font_size_last_edited=\u00bbon|desktop\u00bb global_colors_info=\u00bb{}\u00bb]<\/p>\n<h1>NUESTRA HISTORIA<\/h1>\n<p>[\/et_pb_text][\/et_pb_column][et_pb_column type=\u00bb1_2&#8243; _builder_version=\u00bb4.19.0&#8243; _module_preset=\u00bbdefault\u00bb global_colors_info=\u00bb{}\u00bb][et_pb_text _builder_version=\u00bb4.21.0&#8243; _module_preset=\u00bbdefault\u00bb text_font=\u00bbMontserrat||||||||\u00bb text_font_size=\u00bb14px\u00bb text_line_height=\u00bb2em\u00bb text_orientation=\u00bbjustified\u00bb global_colors_info=\u00bb{}\u00bb]<\/p>\n<p>Originarios de un peque\u00f1o pueblo llamado Chiusa di Pesio, localidad italiana ubicada en la Regi\u00f3n de Piamonte, nuestros antepasados dejaron sus tierras vin\u00edcolas para emprender y buscar mejores oportunidades en Mendoza, Argentina inicialmente, llegando a Chile a principios del siglo pasado para establecerse tambi\u00e9n, en una zona de \u201cuvas\u201d.\u00a0<\/p>\n<p>[\/et_pb_text][et_pb_text _builder_version=\u00bb4.21.0&#8243; _module_preset=\u00bbdefault\u00bb text_font=\u00bbMontserrat|300||on|||||\u00bb text_orientation=\u00bbcenter\u00bb link_option_url=\u00bbhttps:\/\/www.lagardecodegua.cl\/es\/index.php\/nosotros\/\u00bb global_colors_info=\u00bb{}\u00bb text_text_color__hover_enabled=\u00bbon|hover\u00bb text_text_color__hover=\u00bb#000000&#8243;]<\/p>\n<p class=\"lead\">Ver m\u00e1s &gt;<\/p>\n<p>[\/et_pb_text][\/et_pb_column][\/et_pb_row][\/et_pb_section][et_pb_section fb_built=\u00bb1&#8243; _builder_version=\u00bb4.19.0&#8243; _module_preset=\u00bbdefault\u00bb background_color_tablet=\u00bb#efeadf\u00bb background_last_edited=\u00bbon|phone\u00bb background_enable_color_tablet=\u00bbon\u00bb global_colors_info=\u00bb{}\u00bb][et_pb_row column_structure=\u00bb1_3,1_3,1_3&#8243; use_custom_gutter=\u00bbon\u00bb gutter_width=\u00bb2&#8243; _builder_version=\u00bb4.19.0&#8243; _module_preset=\u00bbdefault\u00bb global_colors_info=\u00bb{}\u00bb][et_pb_column type=\u00bb1_3&#8243; _builder_version=\u00bb4.19.0&#8243; _module_preset=\u00bbdefault\u00bb global_colors_info=\u00bb{}\u00bb][et_pb_image src=\u00bbhttps:\/\/www.lagardecodegua.cl\/es\/wp-content\/uploads\/2023\/02\/enoturismo-i.jpg\u00bb _builder_version=\u00bb4.19.0&#8243; _module_preset=\u00bbdefault\u00bb width_tablet=\u00bb60%\u00bb width_phone=\u00bbauto\u00bb width_last_edited=\u00bbon|tablet\u00bb module_alignment_tablet=\u00bbcenter\u00bb module_alignment_phone=\u00bbcenter\u00bb module_alignment_last_edited=\u00bbon|phone\u00bb global_colors_info=\u00bb{}\u00bb][\/et_pb_image][et_pb_text _builder_version=\u00bb4.21.0&#8243; _module_preset=\u00bbdefault\u00bb text_font=\u00bb|||on|||||\u00bb custom_margin=\u00bb||10px||false|false\u00bb global_colors_info=\u00bb{}\u00bb]<\/p>\n<h4>ENOTURISMO<\/h4>\n<p>[\/et_pb_text][et_pb_divider color=\u00bb#bbbbbb\u00bb _builder_version=\u00bb4.19.0&#8243; _module_preset=\u00bbdefault\u00bb custom_margin=\u00bb||0px||false|false\u00bb global_colors_info=\u00bb{}\u00bb][\/et_pb_divider][et_pb_text _builder_version=\u00bb4.21.0&#8243; _module_preset=\u00bbdefault\u00bb text_font=\u00bb||||||||\u00bb text_orientation=\u00bbjustified\u00bb min_height=\u00bb64.4px\u00bb custom_margin=\u00bb||-1px|||\u00bb custom_padding=\u00bb||0px|||\u00bb global_colors_info=\u00bb{}\u00bb]<\/p>\n<p>Todos nuestros tours cuentan con recorrido por nuestra bodega de vinificaci\u00f3n, sala de barricas y vi\u00f1edo.<\/p>\n<p>[\/et_pb_text][et_pb_text _builder_version=\u00bb4.21.0&#8243; _dynamic_attributes=\u00bblink_option_url\u00bb _module_preset=\u00bbdefault\u00bb text_font=\u00bb||||||||\u00bb text_orientation=\u00bbright\u00bb link_option_url=\u00bb@ET-DC@eyJkeW5hbWljIjp0cnVlLCJjb250ZW50IjoicG9zdF9saW5rX3VybF9wYWdlIiwic2V0dGluZ3MiOnsicG9zdF9pZCI6Ijk1MTUifX0=@\u00bb global_colors_info=\u00bb{}\u00bb text_text_color__hover_enabled=\u00bbon|hover\u00bb text_text_color__hover=\u00bb#000000&#8243;]<\/p>\n<p><span><span data-contrast=\"auto\" style=\"font-size: 12pt; line-height: 21.5833px; font-family: Calibri, 'Calibri_EmbeddedFont', 'Calibri_MSFontService', sans-serif;\" xml:lang=\"ES-ES\" lang=\"ES-ES\" class=\"TextRun SCXW200271320 BCX2\"><span class=\"NormalTextRun SCXW200271320 BCX2\">Ver m\u00e1s<\/span><\/span>\u00a0 &gt;<\/span><\/p>\n<p>[\/et_pb_text][\/et_pb_column][et_pb_column type=\u00bb1_3&#8243; _builder_version=\u00bb4.19.0&#8243; _module_preset=\u00bbdefault\u00bb global_colors_info=\u00bb{}\u00bb][et_pb_image src=\u00bbhttps:\/\/www.lagardecodegua.cl\/es\/wp-content\/uploads\/2023\/02\/reconocimientos-i.jpg\u00bb align_tablet=\u00bbcenter\u00bb align_phone=\u00bbcenter\u00bb align_last_edited=\u00bbon|tablet\u00bb _builder_version=\u00bb4.19.0&#8243; _module_preset=\u00bbdefault\u00bb width_tablet=\u00bb60%\u00bb width_phone=\u00bbauto\u00bb width_last_edited=\u00bbon|tablet\u00bb module_alignment=\u00bbcenter\u00bb global_colors_info=\u00bb{}\u00bb][\/et_pb_image][et_pb_text _builder_version=\u00bb4.21.0&#8243; _module_preset=\u00bbdefault\u00bb text_font=\u00bb|||on|||||\u00bb custom_margin=\u00bb||10px||false|false\u00bb global_colors_info=\u00bb{}\u00bb]<\/p>\n<h4>RECONOCIMIENTOS<\/h4>\n<p>[\/et_pb_text][et_pb_divider color=\u00bb#bbbbbb\u00bb _builder_version=\u00bb4.19.0&#8243; _module_preset=\u00bbdefault\u00bb custom_margin=\u00bb||0px||false|false\u00bb global_colors_info=\u00bb{}\u00bb][\/et_pb_divider][et_pb_text _builder_version=\u00bb4.21.0&#8243; _module_preset=\u00bbdefault\u00bb text_font=\u00bb||||||||\u00bb text_orientation=\u00bbjustified\u00bb custom_padding=\u00bb||3px|||\u00bb global_colors_info=\u00bb{}\u00bb]<\/p>\n<p>Conozca los reconocimientos que han obtenido nuestros vinos.<\/p>\n<p>[\/et_pb_text][et_pb_text _builder_version=\u00bb4.21.0&#8243; _dynamic_attributes=\u00bblink_option_url\u00bb _module_preset=\u00bbdefault\u00bb text_font=\u00bb||||||||\u00bb text_orientation=\u00bbright\u00bb link_option_url=\u00bb@ET-DC@eyJkeW5hbWljIjp0cnVlLCJjb250ZW50IjoicG9zdF9saW5rX3VybF9wYWdlIiwic2V0dGluZ3MiOnsicG9zdF9pZCI6Ijc3MDgifX0=@\u00bb global_colors_info=\u00bb{}\u00bb text_text_color__hover_enabled=\u00bbon|hover\u00bb text_text_color__hover=\u00bb#000000&#8243;]<\/p>\n<p><span><span data-contrast=\"auto\" style=\"font-size: 12pt; line-height: 21.5833px; font-family: Calibri, 'Calibri_EmbeddedFont', 'Calibri_MSFontService', sans-serif;\" xml:lang=\"ES-ES\" lang=\"ES-ES\" class=\"TextRun SCXW200271320 BCX2\"><span class=\"NormalTextRun SCXW200271320 BCX2\">Ver m\u00e1s<\/span><\/span>\u00a0 &gt;<\/span><\/p>\n<p>[\/et_pb_text][\/et_pb_column][et_pb_column type=\u00bb1_3&#8243; _builder_version=\u00bb4.19.0&#8243; _module_preset=\u00bbdefault\u00bb global_colors_info=\u00bb{}\u00bb][et_pb_image src=\u00bbhttps:\/\/www.lagardecodegua.cl\/es\/wp-content\/uploads\/2023\/02\/vinedo-i.jpg\u00bb align_tablet=\u00bbcenter\u00bb align_phone=\u00bbcenter\u00bb align_last_edited=\u00bbon|tablet\u00bb _builder_version=\u00bb4.19.0&#8243; _module_preset=\u00bbdefault\u00bb width_tablet=\u00bb60%\u00bb width_phone=\u00bbauto\u00bb width_last_edited=\u00bbon|tablet\u00bb global_colors_info=\u00bb{}\u00bb][\/et_pb_image][et_pb_text _builder_version=\u00bb4.21.0&#8243; _module_preset=\u00bbdefault\u00bb text_font=\u00bb|||on|||||\u00bb custom_margin=\u00bb||10px||false|false\u00bb global_colors_info=\u00bb{}\u00bb]<\/p>\n<h4>NUESTRO VI\u00d1EDO<\/h4>\n<p>[\/et_pb_text][et_pb_divider color=\u00bb#bbbbbb\u00bb _builder_version=\u00bb4.19.0&#8243; _module_preset=\u00bbdefault\u00bb custom_margin=\u00bb||0px||false|false\u00bb global_colors_info=\u00bb{}\u00bb][\/et_pb_divider][et_pb_text _builder_version=\u00bb4.21.0&#8243; _module_preset=\u00bbdefault\u00bb text_font=\u00bb||||||||\u00bb text_orientation=\u00bbjustified\u00bb custom_padding=\u00bb||1px|||\u00bb global_colors_info=\u00bb{}\u00bb]<\/p>\n<p><span>Nuestros vi\u00f1edos fueron plantados en el a\u00f1o 1998 sobre suelos pedregosos de origen&#8230;<\/span><\/p>\n<p>[\/et_pb_text][et_pb_text _builder_version=\u00bb4.21.0&#8243; _dynamic_attributes=\u00bblink_option_url\u00bb _module_preset=\u00bbdefault\u00bb text_font=\u00bb||||||||\u00bb text_orientation=\u00bbright\u00bb link_option_url=\u00bb@ET-DC@eyJkeW5hbWljIjp0cnVlLCJjb250ZW50IjoicG9zdF9saW5rX3VybF9wYWdlIiwic2V0dGluZ3MiOnsicG9zdF9pZCI6Ijg1ODMifX0=@\u00bb global_colors_info=\u00bb{}\u00bb text_text_color__hover_enabled=\u00bbon|hover\u00bb text_text_color__hover=\u00bb#000000&#8243;]<\/p>\n<p><span><span data-contrast=\"auto\" style=\"font-size: 12pt; line-height: 21.5833px; font-family: Calibri, 'Calibri_EmbeddedFont', 'Calibri_MSFontService', sans-serif;\" xml:lang=\"ES-ES\" lang=\"ES-ES\" class=\"TextRun SCXW200271320 BCX2\"><span class=\"NormalTextRun SCXW200271320 BCX2\">Ver m\u00e1s <\/span><\/span>\u00a0&gt;<\/span><\/p>\n<p>[\/et_pb_text][\/et_pb_column][\/et_pb_row][\/et_pb_section]<\/p>\n","protected":false},"excerpt":{"rendered":"<p>NUESTRA HISTORIAOriginarios de un peque\u00f1o pueblo llamado Chiusa di Pesio, localidad italiana ubicada en la Regi\u00f3n de Piamonte, nuestros antepasados dejaron sus tierras vin\u00edcolas para emprender y buscar mejores oportunidades en Mendoza, Argentina inicialmente, llegando a Chile a principios del siglo pasado para establecerse tambi\u00e9n, en una zona de \u201cuvas\u201d.\u00a0Ver m\u00e1s &gt;ENOTURISMOTodos nuestros tours cuentan [&hellip;]<\/p>\n","protected":false},"author":1,"featured_media":0,"parent":0,"menu_order":0,"comment_status":"closed","ping_status":"closed","template":"","meta":{"_et_pb_use_builder":"on","_et_pb_old_content":"","_et_gb_content_width":"","footnotes":""},"class_list":["post-3964","page","type-page","status-publish","hentry"],"_links":{"self":[{"href":"https:\/\/www.lagardecodegua.cl\/es\/index.php\/wp-json\/wp\/v2\/pages\/3964","targetHints":{"allow":["GET"]}}],"collection":[{"href":"https:\/\/www.lagardecodegua.cl\/es\/index.php\/wp-json\/wp\/v2\/pages"}],"about":[{"href":"https:\/\/www.lagardecodegua.cl\/es\/index.php\/wp-json\/wp\/v2\/types\/page"}],"author":[{"embeddable":true,"href":"https:\/\/www.lagardecodegua.cl\/es\/index.php\/wp-json\/wp\/v2\/users\/1"}],"replies":[{"embeddable":true,"href":"https:\/\/www.lagardecodegua.cl\/es\/index.php\/wp-json\/wp\/v2\/comments?post=3964"}],"version-history":[{"count":204,"href":"https:\/\/www.lagardecodegua.cl\/es\/index.php\/wp-json\/wp\/v2\/pages\/3964\/revisions"}],"predecessor-version":[{"id":10955,"href":"https:\/\/www.lagardecodegua.cl\/es\/index.php\/wp-json\/wp\/v2\/pages\/3964\/revisions\/10955"}],"wp:attachment":[{"href":"https:\/\/www.lagardecodegua.cl\/es\/index.php\/wp-json\/wp\/v2\/media?parent=3964"}],"curies":[{"name":"wp","href":"https:\/\/api.w.org\/{rel}","templated":true}]}}