{"id":8583,"date":"2023-01-09T04:45:52","date_gmt":"2023-01-09T04:45:52","guid":{"rendered":"https:\/\/www.lagardecodegua.cl\/es\/?page_id=8583"},"modified":"2024-11-12T00:43:21","modified_gmt":"2024-11-12T00:43:21","slug":"vinedo-3","status":"publish","type":"page","link":"https:\/\/www.lagardecodegua.cl\/es\/index.php\/vinedo-3\/","title":{"rendered":"Vi\u00f1edo"},"content":{"rendered":"<p>[et_pb_section fb_built=\u00bb1&#8243; admin_label=\u00bbCabecera\u00bb _builder_version=\u00bb4.19.0&#8243; _module_preset=\u00bbdefault\u00bb background_color=\u00bbrgba(79,79,79,0.38)\u00bb background_image=\u00bbhttps:\/\/www.lagardecodegua.cl\/es\/wp-content\/uploads\/2023\/02\/vinedo-pag.jpg\u00bb background_position=\u00bbtop_right\u00bb background_blend=\u00bboverlay\u00bb min_height_tablet=\u00bb500px\u00bb min_height_phone=\u00bb380px\u00bb min_height_last_edited=\u00bbon|tablet\u00bb height=\u00bb350px\u00bb height_tablet=\u00bb240px\u00bb height_phone=\u00bb180px\u00bb height_last_edited=\u00bbon|phone\u00bb custom_css_main_element=\u00bbbackground-position: bottom;\u00bb collapsed=\u00bbon\u00bb global_colors_info=\u00bb{}\u00bb][et_pb_row _builder_version=\u00bb4.19.0&#8243; _module_preset=\u00bbdefault\u00bb locked=\u00bboff\u00bb global_colors_info=\u00bb{}\u00bb][et_pb_column type=\u00bb4_4&#8243; _builder_version=\u00bb4.19.0&#8243; _module_preset=\u00bbdefault\u00bb global_colors_info=\u00bb{}\u00bb][et_pb_text _builder_version=\u00bb4.21.0&#8243; _module_preset=\u00bbdefault\u00bb text_font=\u00bb|600|||||||\u00bb text_text_color=\u00bb#FFFFFF\u00bb text_font_size=\u00bb60px\u00bb text_orientation=\u00bbcenter\u00bb hover_enabled=\u00bb0&#8243; text_font_size_tablet=\u00bb40px\u00bb text_font_size_phone=\u00bb28px\u00bb text_font_size_last_edited=\u00bbon|phone\u00bb global_colors_info=\u00bb{}\u00bb sticky_enabled=\u00bb0&#8243;]<\/p>\n<p>NUESTRO VI\u00d1EDO<\/p>\n<p>[\/et_pb_text][\/et_pb_column][\/et_pb_row][\/et_pb_section][et_pb_section fb_built=\u00bb1&#8243; admin_label=\u00bbHistoria\u00bb _builder_version=\u00bb4.19.0&#8243; _module_preset=\u00bbdefault\u00bb collapsed=\u00bbon\u00bb global_colors_info=\u00bb{}\u00bb][et_pb_row column_structure=\u00bb1_2,1_2&#8243; _builder_version=\u00bb4.19.0&#8243; _module_preset=\u00bbdefault\u00bb width=\u00bb90%\u00bb max_width=\u00bb85%\u00bb global_colors_info=\u00bb{}\u00bb][et_pb_column type=\u00bb1_2&#8243; _builder_version=\u00bb4.19.0&#8243; _module_preset=\u00bbdefault\u00bb global_colors_info=\u00bb{}\u00bb][et_pb_image src=\u00bbhttps:\/\/www.lagardecodegua.cl\/es\/wp-content\/uploads\/2023\/02\/vinedo-historia.jpg\u00bb _builder_version=\u00bb4.19.0&#8243; _module_preset=\u00bbdefault\u00bb global_colors_info=\u00bb{}\u00bb][\/et_pb_image][\/et_pb_column][et_pb_column type=\u00bb1_2&#8243; _builder_version=\u00bb4.19.0&#8243; _module_preset=\u00bbdefault\u00bb global_colors_info=\u00bb{}\u00bb][et_pb_text module_id=\u00bbLagar\u00bb _builder_version=\u00bb4.21.0&#8243; _module_preset=\u00bbdefault\u00bb header_font=\u00bbMontserrat|200||on|||||\u00bb header_text_align=\u00bbcenter\u00bb header_text_color=\u00bb#000000&#8243; header_font_size=\u00bb38px\u00bb header_line_height=\u00bb1.5em\u00bb custom_margin=\u00bb||||false|false\u00bb custom_margin_tablet=\u00bb|||0px|false|false\u00bb custom_margin_phone=\u00bb|||10px|false|false\u00bb custom_margin_last_edited=\u00bbon|phone\u00bb custom_padding=\u00bb20%||||false|false\u00bb custom_padding_tablet=\u00bb3%||||false|false\u00bb custom_padding_phone=\u00bb2%||||false|false\u00bb custom_padding_last_edited=\u00bbon|phone\u00bb hover_enabled=\u00bb0&#8243; text_font_size_tablet=\u00bb\u00bb text_font_size_phone=\u00bb\u00bb text_font_size_last_edited=\u00bbon|desktop\u00bb header_font_size_tablet=\u00bb30px\u00bb header_font_size_phone=\u00bb25px\u00bb header_font_size_last_edited=\u00bbon|phone\u00bb module_alignment_last_edited=\u00bboff|phone\u00bb border_color_right=\u00bb#cccccc\u00bb locked=\u00bboff\u00bb global_colors_info=\u00bb{}\u00bb sticky_enabled=\u00bb0&#8243;]<\/p>\n<h1>Historia<\/h1>\n<p>[\/et_pb_text][et_pb_text _builder_version=\u00bb4.21.0&#8243; _module_preset=\u00bbdefault\u00bb text_font=\u00bb|300|||||||\u00bb text_text_color=\u00bb#444444&#8243; text_font_size=\u00bb15px\u00bb text_orientation=\u00bbjustified\u00bb custom_margin=\u00bb4em||||false|false\u00bb custom_margin_tablet=\u00bb0%||||false|false\u00bb custom_margin_phone=\u00bb||||false|false\u00bb custom_margin_last_edited=\u00bbon|phone\u00bb custom_padding=\u00bb||||false|false\u00bb hover_enabled=\u00bb0&#8243; global_colors_info=\u00bb{}\u00bb sticky_enabled=\u00bb0&#8243;]<\/p>\n<p><span data-contrast=\"none\">Nuestros vi\u00f1edos fueron plantados en el a\u00f1o 1998 sobre suelos pedregosos de origen aluvial, originarios como resultado del desplazamiento de la tierra ocasionado hace 12.000 a\u00f1os atr\u00e1s por la \u00faltima glaciaci\u00f3n, lo cual produjo un desplazamiento de agua y tierra desde la cordillera valle formando una meseta de suelo profundo y de buen drenaje, limitando de manera natural el vigor del vi\u00f1edo y su rendimiento. Otorg\u00e1ndole as\u00ed sentido al significado del nombre del pueblo de Codegua: \u201cLugar de aguas y piedras\u201d. Desde 1998 este terroir ha entregado vinos de cuerpo y calidad.<\/span><\/p>\n<p>[\/et_pb_text][\/et_pb_column][\/et_pb_row][\/et_pb_section][et_pb_section fb_built=\u00bb1&#8243; admin_label=\u00bbUbicaci\u00f3n\u00bb _builder_version=\u00bb4.19.0&#8243; _module_preset=\u00bbdefault\u00bb background_color=\u00bb#fafafa\u00bb custom_padding=\u00bb||7px|||\u00bb collapsed=\u00bbon\u00bb global_colors_info=\u00bb{}\u00bb][et_pb_row column_structure=\u00bb1_2,1_2&#8243; _builder_version=\u00bb4.19.0&#8243; _module_preset=\u00bbdefault\u00bb width=\u00bb90%\u00bb max_width=\u00bb85%\u00bb global_colors_info=\u00bb{}\u00bb][et_pb_column type=\u00bb1_2&#8243; _builder_version=\u00bb4.19.0&#8243; _module_preset=\u00bbdefault\u00bb global_colors_info=\u00bb{}\u00bb][et_pb_text module_id=\u00bbLagar\u00bb _builder_version=\u00bb4.21.0&#8243; _module_preset=\u00bbdefault\u00bb header_font=\u00bbMontserrat|200||on|||||\u00bb header_text_align=\u00bbcenter\u00bb header_text_color=\u00bb#000000&#8243; header_font_size=\u00bb38px\u00bb header_line_height=\u00bb1.5em\u00bb custom_margin=\u00bb||||false|false\u00bb custom_margin_tablet=\u00bb|||0px|false|false\u00bb custom_margin_phone=\u00bb|||10px|false|false\u00bb custom_margin_last_edited=\u00bbon|phone\u00bb custom_padding=\u00bb10em||||false|false\u00bb custom_padding_tablet=\u00bb3%||||false|false\u00bb custom_padding_phone=\u00bb2%||||false|false\u00bb custom_padding_last_edited=\u00bbon|phone\u00bb hover_enabled=\u00bb0&#8243; text_font_size_tablet=\u00bb\u00bb text_font_size_phone=\u00bb\u00bb text_font_size_last_edited=\u00bbon|desktop\u00bb header_font_size_tablet=\u00bb30px\u00bb header_font_size_phone=\u00bb25px\u00bb header_font_size_last_edited=\u00bbon|phone\u00bb module_alignment_last_edited=\u00bboff|phone\u00bb border_color_right=\u00bb#cccccc\u00bb locked=\u00bboff\u00bb global_colors_info=\u00bb{}\u00bb text_font=\u00bb|||on|||||\u00bb sticky_enabled=\u00bb0&#8243;]<\/p>\n<h1>Ubicaci\u00f3n<\/h1>\n<p>[\/et_pb_text][et_pb_text _builder_version=\u00bb4.21.0&#8243; _module_preset=\u00bbdefault\u00bb text_font=\u00bb|300|||||||\u00bb text_text_color=\u00bb#444444&#8243; text_font_size=\u00bb15px\u00bb text_orientation=\u00bbjustified\u00bb custom_margin=\u00bb0em||||false|false\u00bb custom_margin_tablet=\u00bb0%||||false|false\u00bb custom_margin_phone=\u00bb||||false|false\u00bb custom_margin_last_edited=\u00bbon|phone\u00bb custom_padding=\u00bb||||false|false\u00bb hover_enabled=\u00bb0&#8243; global_colors_info=\u00bb{}\u00bb sticky_enabled=\u00bb0&#8243;]<\/p>\n<p><span data-ccp-props=\"{}\"><br \/>La Vi\u00f1a Lagar de Codegua se ubica a unos 78 km del sur de Santiago y a 21km de Rancagua en uno de los pueblos m\u00e1s antiguos de Chile que data el a\u00f1o 1565, \u201cCodegua\u201d. La bodega y los vi\u00f1edos se emplazan a los pies de la Cordillera de los Andes (600 msnm) en el tranquilo entorno de la antigua Hacienda La Leonera. En la puerta de entrada del prestigioso Valle de Cachapoal.<br \/><\/span><\/p>\n<p>[\/et_pb_text][et_pb_button button_url=\u00bbhttps:\/\/goo.gl\/maps\/QLPTCoD8gH2D3zqK7&#8243; url_new_window=\u00bbon\u00bb button_text=\u00bbVer en google maps\u00bb button_alignment=\u00bbcenter\u00bb button_alignment_tablet=\u00bb\u00bb button_alignment_phone=\u00bbcenter\u00bb button_alignment_last_edited=\u00bbon|phone\u00bb _builder_version=\u00bb4.21.0&#8243; _module_preset=\u00bbdefault\u00bb custom_button=\u00bbon\u00bb button_text_size=\u00bb10px\u00bb button_text_color=\u00bb#bbbbbb\u00bb button_bg_color=\u00bb#323232&#8243; button_border_width=\u00bb0px\u00bb button_border_color=\u00bb#404040&#8243; button_letter_spacing=\u00bb3px\u00bb button_font=\u00bb|600||on|||||\u00bb button_icon=\u00bb&#xe081;||divi||400&#8243; button_on_hover=\u00bboff\u00bb custom_margin=\u00bb||||false|false\u00bb custom_margin_tablet=\u00bb\u00bb custom_margin_phone=\u00bb||||false|false\u00bb custom_margin_last_edited=\u00bbon|phone\u00bb custom_padding=\u00bb7px|18px|7px|18px|true|true\u00bb custom_padding_tablet=\u00bb12px|25px|12px|25px|true|true\u00bb custom_padding_phone=\u00bb\u00bb custom_padding_last_edited=\u00bbon|tablet\u00bb button_text_size_tablet=\u00bb10px\u00bb button_text_size_phone=\u00bb10px\u00bb button_text_size_last_edited=\u00bbon|phone\u00bb button_bg_color_tablet=\u00bb\u00bb button_bg_color_phone=\u00bb\u00bb button_bg_color_last_edited=\u00bbon|desktop\u00bb button_border_color_tablet=\u00bb\u00bb button_border_color_phone=\u00bb\u00bb button_border_color_last_edited=\u00bbon|desktop\u00bb locked=\u00bboff\u00bb global_colors_info=\u00bb{}\u00bb button_text_color__hover_enabled=\u00bbon|desktop\u00bb button_text_color__hover=\u00bb#ffffff\u00bb button_bg_color__hover_enabled=\u00bbon|hover\u00bb button_bg_color__hover=\u00bb#000000&#8243; button_bg_enable_color__hover=\u00bbon\u00bb button_border_color__hover_enabled=\u00bbon|desktop\u00bb button_border_color__hover=\u00bb#222222&#8243;][\/et_pb_button][\/et_pb_column][et_pb_column type=\u00bb1_2&#8243; _builder_version=\u00bb4.19.0&#8243; _module_preset=\u00bbdefault\u00bb global_colors_info=\u00bb{}\u00bb][et_pb_image src=\u00bbhttps:\/\/www.lagardecodegua.cl\/es\/wp-content\/uploads\/2023\/01\/mapa-2.jpg\u00bb _builder_version=\u00bb4.19.0&#8243; _module_preset=\u00bbdefault\u00bb custom_padding=\u00bb7em||||false|false\u00bb global_colors_info=\u00bb{}\u00bb src__hover_enabled=\u00bbon|hover\u00bb src__hover=\u00bbhttps:\/\/www.lagardecodegua.cl\/es\/wp-content\/uploads\/2023\/01\/mapa-1-.jpg\u00bb][\/et_pb_image][\/et_pb_column][\/et_pb_row][\/et_pb_section][et_pb_section fb_built=\u00bb1&#8243; admin_label=\u00bbValle Cachapoal\u00bb _builder_version=\u00bb4.19.0&#8243; _module_preset=\u00bbdefault\u00bb custom_margin=\u00bb0px||||false|false\u00bb custom_padding=\u00bb0px||||false|false\u00bb collapsed=\u00bbon\u00bb global_colors_info=\u00bb{}\u00bb][et_pb_row _builder_version=\u00bb4.19.0&#8243; _module_preset=\u00bbdefault\u00bb width=\u00bb90%\u00bb max_width=\u00bb85%\u00bb custom_padding=\u00bb||||false|false\u00bb global_colors_info=\u00bb{}\u00bb][et_pb_column type=\u00bb4_4&#8243; _builder_version=\u00bb4.19.0&#8243; _module_preset=\u00bbdefault\u00bb global_colors_info=\u00bb{}\u00bb][et_pb_text module_id=\u00bbLagar\u00bb _builder_version=\u00bb4.21.0&#8243; _module_preset=\u00bbdefault\u00bb header_font=\u00bbMontserrat|200||on|||||\u00bb header_text_align=\u00bbleft\u00bb header_text_color=\u00bb#000000&#8243; header_font_size=\u00bb38px\u00bb header_line_height=\u00bb1.5em\u00bb custom_margin=\u00bb||||false|false\u00bb custom_margin_tablet=\u00bb|||0px|false|false\u00bb custom_margin_phone=\u00bb|||10px|false|false\u00bb custom_margin_last_edited=\u00bbon|phone\u00bb custom_padding=\u00bb3%||||false|false\u00bb custom_padding_tablet=\u00bb3%||||false|false\u00bb custom_padding_phone=\u00bb2%||||false|false\u00bb custom_padding_last_edited=\u00bbon|phone\u00bb hover_enabled=\u00bb0&#8243; text_font_size_tablet=\u00bb\u00bb text_font_size_phone=\u00bb\u00bb text_font_size_last_edited=\u00bbon|desktop\u00bb header_font_size_tablet=\u00bb30px\u00bb header_font_size_phone=\u00bb25px\u00bb header_font_size_last_edited=\u00bbon|phone\u00bb module_alignment_last_edited=\u00bboff|phone\u00bb border_color_right=\u00bb#cccccc\u00bb locked=\u00bboff\u00bb global_colors_info=\u00bb{}\u00bb sticky_enabled=\u00bb0&#8243;]<\/p>\n<h1>Valle Cachapoal<\/h1>\n<p>[\/et_pb_text][\/et_pb_column][\/et_pb_row][et_pb_row column_structure=\u00bb1_2,1_4,1_4&#8243; _builder_version=\u00bb4.19.0&#8243; _module_preset=\u00bbdefault\u00bb width=\u00bb90%\u00bb max_width=\u00bb85%\u00bb global_colors_info=\u00bb{}\u00bb][et_pb_column type=\u00bb1_2&#8243; _builder_version=\u00bb4.19.0&#8243; _module_preset=\u00bbdefault\u00bb global_colors_info=\u00bb{}\u00bb][et_pb_image src=\u00bbhttps:\/\/www.lagardecodegua.cl\/es\/wp-content\/uploads\/2023\/02\/vinedo-suelo.jpg\u00bb title_text=\u00bbvi\u00f1edo-clima\u00bb _builder_version=\u00bb4.19.0&#8243; _module_preset=\u00bbdefault\u00bb width=\u00bb88%\u00bb max_width=\u00bb88%\u00bb module_alignment=\u00bbcenter\u00bb hover_transition_duration=\u00bb1900ms\u00bb hover_transition_delay=\u00bb250ms\u00bb global_colors_info=\u00bb{}\u00bb src__hover_enabled=\u00bbon|hover\u00bb src__hover=\u00bbhttps:\/\/www.lagardecodegua.cl\/es\/wp-content\/uploads\/2023\/02\/vinedo-clima.jpg\u00bb][\/et_pb_image][\/et_pb_column][et_pb_column type=\u00bb1_4&#8243; _builder_version=\u00bb4.19.0&#8243; _module_preset=\u00bbdefault\u00bb global_colors_info=\u00bb{}\u00bb][et_pb_text _builder_version=\u00bb4.21.0&#8243; _module_preset=\u00bbdefault\u00bb text_font=\u00bb|300|||||||\u00bb text_text_color=\u00bb#444444&#8243; text_font_size=\u00bb15px\u00bb text_orientation=\u00bbjustified\u00bb custom_margin=\u00bb2em||||false|false\u00bb custom_margin_tablet=\u00bb0%||||false|false\u00bb custom_margin_phone=\u00bb||||false|false\u00bb custom_margin_last_edited=\u00bbon|phone\u00bb custom_padding=\u00bb||||false|false\u00bb hover_enabled=\u00bb0&#8243; global_colors_info=\u00bb{}\u00bb sticky_enabled=\u00bb0&#8243;]<\/p>\n<p class=\"lead\"><strong>SUELO<\/strong><\/p>\n<p><span data-ccp-props=\"{}\">Nuestros vi\u00f1edos est\u00e1n plantados en suelos pedregosos, de origen aluvial, de textura franca, con buena porosidad y bajo contenido de materia org\u00e1nica, profundos y bien drenados. Todas estas caracter\u00edsticas nos permiten un control natural del vigor y el rendimiento del vi\u00f1edo, dando como resultado una mayor concentraci\u00f3n de compuestos fen\u00f3licos en la uva.<br \/><\/span><\/p>\n<p><span><\/span><\/p>\n<p>[\/et_pb_text][\/et_pb_column][et_pb_column type=\u00bb1_4&#8243; _builder_version=\u00bb4.19.0&#8243; _module_preset=\u00bbdefault\u00bb global_colors_info=\u00bb{}\u00bb][et_pb_text _builder_version=\u00bb4.21.0&#8243; _module_preset=\u00bbdefault\u00bb text_font=\u00bb|300|||||||\u00bb text_text_color=\u00bb#444444&#8243; text_font_size=\u00bb15px\u00bb text_orientation=\u00bbjustified\u00bb custom_margin=\u00bb2em||||false|false\u00bb custom_margin_tablet=\u00bb0%||||false|false\u00bb custom_margin_phone=\u00bb||||false|false\u00bb custom_margin_last_edited=\u00bbon|phone\u00bb custom_padding=\u00bb||||false|false\u00bb hover_enabled=\u00bb0&#8243; global_colors_info=\u00bb{}\u00bb sticky_enabled=\u00bb0&#8243;]<\/p>\n<p class=\"lead\"><strong>CLIMA<\/strong><\/p>\n<p>Clima mediterr\u00e1neo con una gran amplitud t\u00e9rmica entre el d\u00eda y la noche, se puede alcanzar una diferencia t\u00e9rmica cerca de los 20\u02daC debido a que nuestros vi\u00f1edos se encuentran a los pies de la Cordillera de los Andes a 600 m.s.n.m.<\/p>\n<p>[\/et_pb_text][\/et_pb_column][\/et_pb_row][\/et_pb_section][et_pb_section fb_built=\u00bb1&#8243; admin_label=\u00bbProyecto\u00bb _builder_version=\u00bb4.19.0&#8243; _module_preset=\u00bbdefault\u00bb background_color=\u00bb#fafafa\u00bb custom_margin=\u00bb0px||||false|false\u00bb custom_padding=\u00bb0px||||false|false\u00bb background_color_tablet=\u00bb#f7f7f7&#8243; background_last_edited=\u00bbon|tablet\u00bb background_enable_color_tablet=\u00bbon\u00bb collapsed=\u00bbon\u00bb global_colors_info=\u00bb{}\u00bb][et_pb_row _builder_version=\u00bb4.19.0&#8243; _module_preset=\u00bbdefault\u00bb width=\u00bb90%\u00bb max_width=\u00bb85%\u00bb global_colors_info=\u00bb{}\u00bb][et_pb_column type=\u00bb4_4&#8243; _builder_version=\u00bb4.19.0&#8243; _module_preset=\u00bbdefault\u00bb global_colors_info=\u00bb{}\u00bb][et_pb_text module_id=\u00bbLagar\u00bb _builder_version=\u00bb4.21.0&#8243; _module_preset=\u00bbdefault\u00bb header_font=\u00bbMontserrat|200||on|||||\u00bb header_text_align=\u00bbcenter\u00bb header_text_color=\u00bb#000000&#8243; header_font_size=\u00bb38px\u00bb header_line_height=\u00bb1.5em\u00bb custom_margin=\u00bb||||false|false\u00bb custom_margin_tablet=\u00bb|||0px|false|false\u00bb custom_margin_phone=\u00bb|||10px|false|false\u00bb custom_margin_last_edited=\u00bbon|phone\u00bb custom_padding=\u00bb3%||||false|false\u00bb custom_padding_tablet=\u00bb3%||||false|false\u00bb custom_padding_phone=\u00bb2%||||false|false\u00bb custom_padding_last_edited=\u00bbon|phone\u00bb hover_enabled=\u00bb0&#8243; text_font_size_tablet=\u00bb\u00bb text_font_size_phone=\u00bb\u00bb text_font_size_last_edited=\u00bbon|desktop\u00bb header_font_size_tablet=\u00bb30px\u00bb header_font_size_phone=\u00bb25px\u00bb header_font_size_last_edited=\u00bbon|phone\u00bb module_alignment_last_edited=\u00bboff|phone\u00bb border_color_right=\u00bb#cccccc\u00bb locked=\u00bboff\u00bb global_colors_info=\u00bb{}\u00bb sticky_enabled=\u00bb0&#8243;]<\/p>\n<h1>Proyecto<\/h1>\n<p>[\/et_pb_text][et_pb_text _builder_version=\u00bb4.21.0&#8243; _module_preset=\u00bbdefault\u00bb text_font=\u00bb|300|||||||\u00bb text_text_color=\u00bb#444444&#8243; text_font_size=\u00bb15px\u00bb text_orientation=\u00bbjustified\u00bb width=\u00bb50%\u00bb width_tablet=\u00bb50%\u00bb width_phone=\u00bb50%\u00bb width_last_edited=\u00bbon|phone\u00bb module_alignment=\u00bbcenter\u00bb hover_enabled=\u00bb0&#8243; global_colors_info=\u00bb{}\u00bb sticky_enabled=\u00bb0&#8243;]<\/p>\n<p>Para la familia Lagar producir vino es un arte, donde cada botella debe ser capaz de reflejar las condiciones locales del Valle Cachapoal y autenticidad de nuestras cepas. Es por eso que buscamos siempre crear vinos de alta calidad, con identidad y personalidad, que est\u00e9n conectados a su tierra y a la gente del pueblo de Codegua.<\/p>\n<p>[\/et_pb_text][\/et_pb_column][\/et_pb_row][et_pb_row column_structure=\u00bb1_2,1_2&#8243; _builder_version=\u00bb4.19.0&#8243; _module_preset=\u00bbdefault\u00bb global_colors_info=\u00bb{}\u00bb][et_pb_column type=\u00bb1_2&#8243; _builder_version=\u00bb4.19.0&#8243; _module_preset=\u00bbdefault\u00bb global_colors_info=\u00bb{}\u00bb][et_pb_image src=\u00bbhttps:\/\/www.lagardecodegua.cl\/es\/wp-content\/uploads\/2023\/01\/mision.png\u00bb align=\u00bbcenter\u00bb _builder_version=\u00bb4.19.0&#8243; _module_preset=\u00bbdefault\u00bb width=\u00bb30%\u00bb width_tablet=\u00bb25%\u00bb width_phone=\u00bb40%\u00bb width_last_edited=\u00bbon|phone\u00bb filter_contrast=\u00bb0%\u00bb filter_opacity=\u00bb20%\u00bb locked=\u00bboff\u00bb global_colors_info=\u00bb{}\u00bb][\/et_pb_image][et_pb_text _builder_version=\u00bb4.21.0&#8243; _module_preset=\u00bbdefault\u00bb text_font=\u00bb|300|||||||\u00bb text_text_color=\u00bb#444444&#8243; text_font_size=\u00bb15px\u00bb header_5_font=\u00bb||||||||\u00bb header_5_text_align=\u00bbcenter\u00bb header_5_text_color=\u00bb#000000&#8243; text_orientation=\u00bbjustified\u00bb custom_margin=\u00bb||||false|false\u00bb custom_margin_tablet=\u00bb0%||||false|false\u00bb custom_margin_phone=\u00bb||||false|false\u00bb custom_margin_last_edited=\u00bboff|desktop\u00bb custom_padding=\u00bb5%|3%|5%|3%|true|true\u00bb hover_enabled=\u00bb0&#8243; global_colors_info=\u00bb{}\u00bb sticky_enabled=\u00bb0&#8243;]<\/p>\n<h5 class=\"lead\"><strong>MISI\u00d3N<\/strong><\/h5>\n<p><span>\u00a0<\/span><\/p>\n<p>Convertirnos en una vi\u00f1a icono del Valle Cachapoal y ser referentes en la vitivinicultura chilena, crear vinos de alta calidad, con identidad propia y personalidad que destaquen los atributos de nuestro Codegua Terroir, nuestra gente y ra\u00edces.<\/p>\n<p><span>\u00a0<\/span><\/p>\n<p>[\/et_pb_text][\/et_pb_column][et_pb_column type=\u00bb1_2&#8243; _builder_version=\u00bb4.19.0&#8243; _module_preset=\u00bbdefault\u00bb background_color_tablet=\u00bb#f0f0f0&#8243; background_last_edited=\u00bboff|phone\u00bb background_enable_color_tablet=\u00bbon\u00bb global_colors_info=\u00bb{}\u00bb][et_pb_image src=\u00bbhttps:\/\/www.lagardecodegua.cl\/es\/wp-content\/uploads\/2023\/01\/Vision.png\u00bb align=\u00bbcenter\u00bb _builder_version=\u00bb4.19.0&#8243; _module_preset=\u00bbdefault\u00bb width=\u00bb30%\u00bb width_tablet=\u00bb25%\u00bb width_phone=\u00bb40%\u00bb width_last_edited=\u00bbon|phone\u00bb filter_contrast=\u00bb0%\u00bb filter_opacity=\u00bb20%\u00bb locked=\u00bboff\u00bb global_colors_info=\u00bb{}\u00bb][\/et_pb_image][et_pb_text _builder_version=\u00bb4.21.0&#8243; _module_preset=\u00bbdefault\u00bb text_font=\u00bb|300|||||||\u00bb text_text_color=\u00bb#444444&#8243; text_font_size=\u00bb15px\u00bb header_text_color=\u00bb#000000&#8243; header_5_font=\u00bb||||||||\u00bb header_5_text_align=\u00bbcenter\u00bb header_5_text_color=\u00bb#000000&#8243; text_orientation=\u00bbjustified\u00bb custom_margin=\u00bb||||false|false\u00bb custom_margin_tablet=\u00bb0%||||false|false\u00bb custom_margin_phone=\u00bb||||false|false\u00bb custom_margin_last_edited=\u00bboff|desktop\u00bb custom_padding=\u00bb5%|3%|5%|3%|true|true\u00bb hover_enabled=\u00bb0&#8243; global_colors_info=\u00bb{}\u00bb sticky_enabled=\u00bb0&#8243;]<\/p>\n<h5 class=\"lead\"><strong>VISI\u00d3N<\/strong><\/h5>\n<p><span>\u00a0<\/span><\/p>\n<p>Responder a los altos est\u00e1ndares de calidad de nuestras l\u00edneas de vino, manteniendo su identidad y consistencia a trav\u00e9s de los a\u00f1os, posicion\u00e1ndonos como una vi\u00f1a reconocida en Cachapoal, en Chile y en el extranjero, y ser una Vi\u00f1a comprometida y responsable con el medio ambiente, eficiente y din\u00e1mica.<\/p>\n<p><span>\u00a0<\/span><\/p>\n<p>[\/et_pb_text][\/et_pb_column][\/et_pb_row][\/et_pb_section]<\/p>\n","protected":false},"excerpt":{"rendered":"<p>NUESTRO VI\u00d1EDOHistoriaNuestros vi\u00f1edos fueron plantados en el a\u00f1o 1998 sobre suelos pedregosos de origen aluvial, originarios como resultado del desplazamiento de la tierra ocasionado hace 12.000 a\u00f1os atr\u00e1s por la \u00faltima glaciaci\u00f3n, lo cual produjo un desplazamiento de agua y tierra desde la cordillera valle formando una meseta de suelo profundo y de buen drenaje, [&hellip;]<\/p>\n","protected":false},"author":1,"featured_media":0,"parent":0,"menu_order":0,"comment_status":"closed","ping_status":"closed","template":"","meta":{"_et_pb_use_builder":"on","_et_pb_old_content":"","_et_gb_content_width":"","footnotes":""},"class_list":["post-8583","page","type-page","status-publish","hentry"],"_links":{"self":[{"href":"https:\/\/www.lagardecodegua.cl\/es\/index.php\/wp-json\/wp\/v2\/pages\/8583","targetHints":{"allow":["GET"]}}],"collection":[{"href":"https:\/\/www.lagardecodegua.cl\/es\/index.php\/wp-json\/wp\/v2\/pages"}],"about":[{"href":"https:\/\/www.lagardecodegua.cl\/es\/index.php\/wp-json\/wp\/v2\/types\/page"}],"author":[{"embeddable":true,"href":"https:\/\/www.lagardecodegua.cl\/es\/index.php\/wp-json\/wp\/v2\/users\/1"}],"replies":[{"embeddable":true,"href":"https:\/\/www.lagardecodegua.cl\/es\/index.php\/wp-json\/wp\/v2\/comments?post=8583"}],"version-history":[{"count":88,"href":"https:\/\/www.lagardecodegua.cl\/es\/index.php\/wp-json\/wp\/v2\/pages\/8583\/revisions"}],"predecessor-version":[{"id":9806,"href":"https:\/\/www.lagardecodegua.cl\/es\/index.php\/wp-json\/wp\/v2\/pages\/8583\/revisions\/9806"}],"wp:attachment":[{"href":"https:\/\/www.lagardecodegua.cl\/es\/index.php\/wp-json\/wp\/v2\/media?parent=8583"}],"curies":[{"name":"wp","href":"https:\/\/api.w.org\/{rel}","templated":true}]}}