{"id":8671,"date":"2023-01-09T22:33:43","date_gmt":"2023-01-09T22:33:43","guid":{"rendered":"https:\/\/www.lagardecodegua.cl\/es\/?page_id=8671"},"modified":"2024-11-12T00:34:53","modified_gmt":"2024-11-12T00:34:53","slug":"nosotros","status":"publish","type":"page","link":"https:\/\/www.lagardecodegua.cl\/es\/index.php\/nosotros\/","title":{"rendered":"Nosotros"},"content":{"rendered":"<p>[et_pb_section fb_built=\u00bb1&#8243; _builder_version=\u00bb4.19.0&#8243; _module_preset=\u00bbdefault\u00bb background_color=\u00bbrgba(79,79,79,0.38)\u00bb background_image=\u00bbhttps:\/\/www.lagardecodegua.cl\/es\/wp-content\/uploads\/2023\/01\/vinedo-1.jpg\u00bb background_position=\u00bbtop_center\u00bb background_vertical_offset=\u00bb27%\u00bb background_blend=\u00bboverlay\u00bb min_height=\u00bb350px\u00bb min_height_tablet=\u00bb240px\u00bb min_height_phone=\u00bb180px\u00bb min_height_last_edited=\u00bbon|phone\u00bb height=\u00bb240px\u00bb height_tablet=\u00bb240px\u00bb height_phone=\u00bb180px\u00bb height_last_edited=\u00bbon|phone\u00bb locked=\u00bboff\u00bb global_colors_info=\u00bb{}\u00bb][et_pb_row _builder_version=\u00bb4.19.0&#8243; _module_preset=\u00bbdefault\u00bb locked=\u00bboff\u00bb global_colors_info=\u00bb{}\u00bb][et_pb_column type=\u00bb4_4&#8243; _builder_version=\u00bb4.19.0&#8243; _module_preset=\u00bbdefault\u00bb global_colors_info=\u00bb{}\u00bb][et_pb_text _builder_version=\u00bb4.21.0&#8243; _module_preset=\u00bbdefault\u00bb text_font=\u00bb|600|||||||\u00bb text_text_color=\u00bb#FFFFFF\u00bb text_font_size=\u00bb60px\u00bb text_orientation=\u00bbcenter\u00bb custom_padding=\u00bb1em||||false|false\u00bb hover_enabled=\u00bb0&#8243; text_font_size_tablet=\u00bb40px\u00bb text_font_size_phone=\u00bb28px\u00bb text_font_size_last_edited=\u00bbon|phone\u00bb global_colors_info=\u00bb{}\u00bb sticky_enabled=\u00bb0&#8243;]<\/p>\n<p>FAMILIA<\/p>\n<p>[\/et_pb_text][\/et_pb_column][\/et_pb_row][\/et_pb_section][et_pb_section fb_built=\u00bb1&#8243; admin_label=\u00bbHistoria\u00bb _builder_version=\u00bb4.19.0&#8243; _module_preset=\u00bbdefault\u00bb background_color=\u00bb#fafafa\u00bb collapsed=\u00bbon\u00bb global_colors_info=\u00bb{}\u00bb][et_pb_row _builder_version=\u00bb4.19.0&#8243; _module_preset=\u00bbdefault\u00bb global_colors_info=\u00bb{}\u00bb][et_pb_column type=\u00bb4_4&#8243; _builder_version=\u00bb4.19.0&#8243; _module_preset=\u00bbdefault\u00bb global_colors_info=\u00bb{}\u00bb][et_pb_text _builder_version=\u00bb4.21.0&#8243; _module_preset=\u00bbdefault\u00bb text_font=\u00bb|300|||||||\u00bb text_text_color=\u00bb#444444&#8243; text_font_size=\u00bb15px\u00bb text_orientation=\u00bbjustified\u00bb custom_margin=\u00bb||||false|false\u00bb custom_margin_tablet=\u00bb0%||||false|false\u00bb custom_margin_phone=\u00bb||||false|false\u00bb custom_margin_last_edited=\u00bbon|phone\u00bb custom_padding=\u00bb||||false|false\u00bb hover_enabled=\u00bb0&#8243; global_colors_info=\u00bb{}\u00bb sticky_enabled=\u00bb0&#8243;]<\/p>\n<p class=\"Cuerpo\"><span lang=\"ES-TRAD\">Originarios de un peque\u00f1o pueblo llamado Chiusa di Pesio, localidad italiana ubicada en la Regi\u00f3n de Piamonte, nuestros antepasados dejaron sus tierras vin\u00edcolas para emprender y buscar mejores oportunidades en Mendoza, Argentina inicialmente, llegando a Chile a principios del siglo pasado para establecerse tambi\u00e9n, en una zona de \u201cuvas\u201d. Varias generaciones despu\u00e9s y remontando la historia que nos trae al presente, la Familia Piantini compra los vi\u00f1edos emplazados en el Valle de Cachapoal a quienes fueran los fundadores de la Vi\u00f1a Lagar de Bezana.<o:p><\/o:p><\/span><\/p>\n<p><span data-ccp-props=\"{&quot;134233117&quot;:true,&quot;134233118&quot;:true}\">De la mano de sus nuevos due\u00f1os, en el a\u00f1o 2017 la historia y transformaci\u00f3n para Lagar comienza. Junto con la revisi\u00f3n de sus procesos, modernizaci\u00f3n de sus instalaciones y bodega, surge tambi\u00e9n la idea de renombrarla para darle un sentido m\u00e1s propio a su origen y ra\u00edces: el peque\u00f1o pueblo de Codegua. Es as\u00ed como <strong>Lagar de Codegua Terroir<\/strong>, Vi\u00f1a Familiar Boutique, renace para modificar su nombre, visi\u00f3n y prop\u00f3sito, junto a todos quienes forman parte de ella, e iniciar un viaje rumbo a crear vinos de calidad Premium para llevarlos a nuevos mercados y consumidores, tanto en Chile como en el mundo. <\/span><\/p>\n<p class=\"lead\">[\/et_pb_text][\/et_pb_column][\/et_pb_row][et_pb_row column_structure=\u00bb1_4,1_4,1_4,1_4&#8243; use_custom_gutter=\u00bbon\u00bb gutter_width=\u00bb1&#8243; _builder_version=\u00bb4.19.0&#8243; _module_preset=\u00bbdefault\u00bb global_colors_info=\u00bb{}\u00bb][et_pb_column type=\u00bb1_4&#8243; _builder_version=\u00bb4.19.0&#8243; _module_preset=\u00bbdefault\u00bb global_colors_info=\u00bb{}\u00bb][et_pb_image src=\u00bbhttps:\/\/www.lagardecodegua.cl\/es\/wp-content\/uploads\/2023\/02\/Familia.jpg\u00bb align=\u00bbcenter\u00bb _builder_version=\u00bb4.19.0&#8243; _module_preset=\u00bbdefault\u00bb width=\u00bb99%\u00bb module_alignment=\u00bbcenter\u00bb global_colors_info=\u00bb{}\u00bb][\/et_pb_image][\/et_pb_column][et_pb_column type=\u00bb1_4&#8243; _builder_version=\u00bb4.19.0&#8243; _module_preset=\u00bbdefault\u00bb global_colors_info=\u00bb{}\u00bb][et_pb_image src=\u00bbhttps:\/\/www.lagardecodegua.cl\/es\/wp-content\/uploads\/2023\/02\/Familia1.jpg\u00bb align=\u00bbcenter\u00bb _builder_version=\u00bb4.19.0&#8243; _module_preset=\u00bbdefault\u00bb width=\u00bb99%\u00bb module_alignment=\u00bbcenter\u00bb global_colors_info=\u00bb{}\u00bb][\/et_pb_image][\/et_pb_column][et_pb_column type=\u00bb1_4&#8243; _builder_version=\u00bb4.19.0&#8243; _module_preset=\u00bbdefault\u00bb global_colors_info=\u00bb{}\u00bb][et_pb_image src=\u00bbhttps:\/\/www.lagardecodegua.cl\/es\/wp-content\/uploads\/2023\/02\/Familia2.jpg\u00bb align=\u00bbcenter\u00bb _builder_version=\u00bb4.19.0&#8243; _module_preset=\u00bbdefault\u00bb width=\u00bb99%\u00bb module_alignment=\u00bbcenter\u00bb global_colors_info=\u00bb{}\u00bb][\/et_pb_image][\/et_pb_column][et_pb_column type=\u00bb1_4&#8243; _builder_version=\u00bb4.19.0&#8243; _module_preset=\u00bbdefault\u00bb global_colors_info=\u00bb{}\u00bb][et_pb_image src=\u00bbhttps:\/\/www.lagardecodegua.cl\/es\/wp-content\/uploads\/2023\/02\/Familia3.jpg\u00bb align=\u00bbcenter\u00bb _builder_version=\u00bb4.19.0&#8243; _module_preset=\u00bbdefault\u00bb width=\u00bb99%\u00bb module_alignment=\u00bbcenter\u00bb global_colors_info=\u00bb{}\u00bb][\/et_pb_image][\/et_pb_column][\/et_pb_row][\/et_pb_section][et_pb_section fb_built=\u00bb1&#8243; _builder_version=\u00bb4.19.0&#8243; _module_preset=\u00bbdefault\u00bb background_color=\u00bbrgba(79,79,79,0.38)\u00bb background_image=\u00bbhttps:\/\/www.lagardecodegua.cl\/es\/wp-content\/uploads\/2023\/01\/quienes-somos1.jpg\u00bb background_position=\u00bbbottom_right\u00bb background_vertical_offset=\u00bb27%\u00bb background_blend=\u00bboverlay\u00bb min_height=\u00bb350px\u00bb min_height_tablet=\u00bb240px\u00bb min_height_phone=\u00bb180px\u00bb min_height_last_edited=\u00bbon|phone\u00bb height=\u00bb240px\u00bb height_tablet=\u00bb240px\u00bb height_phone=\u00bb180px\u00bb height_last_edited=\u00bbon|phone\u00bb locked=\u00bboff\u00bb global_colors_info=\u00bb{}\u00bb][et_pb_row _builder_version=\u00bb4.19.0&#8243; _module_preset=\u00bbdefault\u00bb locked=\u00bboff\u00bb global_colors_info=\u00bb{}\u00bb][et_pb_column type=\u00bb4_4&#8243; _builder_version=\u00bb4.19.0&#8243; _module_preset=\u00bbdefault\u00bb global_colors_info=\u00bb{}\u00bb][et_pb_text _builder_version=\u00bb4.21.0&#8243; _module_preset=\u00bbdefault\u00bb text_font=\u00bb|600||on|||||\u00bb text_text_color=\u00bb#FFFFFF\u00bb text_font_size=\u00bb60px\u00bb text_orientation=\u00bbcenter\u00bb custom_padding=\u00bb1em||||false|false\u00bb hover_enabled=\u00bb0&#8243; text_font_size_tablet=\u00bb40px\u00bb text_font_size_phone=\u00bb28px\u00bb text_font_size_last_edited=\u00bbon|phone\u00bb global_colors_info=\u00bb{}\u00bb sticky_enabled=\u00bb0&#8243;]<\/p>\n<p><span><strong>NUESTRO EQUIPO<\/strong><\/span><\/p>\n<p>[\/et_pb_text][\/et_pb_column][\/et_pb_row][\/et_pb_section][et_pb_section fb_built=\u00bb1&#8243; admin_label=\u00bbUbicaci\u00f3n\u00bb _builder_version=\u00bb4.19.0&#8243; _module_preset=\u00bbdefault\u00bb background_color=\u00bb#fafafa\u00bb custom_padding=\u00bb||7px|||\u00bb collapsed=\u00bbon\u00bb global_colors_info=\u00bb{}\u00bb][et_pb_row column_structure=\u00bb1_3,1_3,1_3&#8243; _builder_version=\u00bb4.19.0&#8243; _module_preset=\u00bbdefault\u00bb width=\u00bb90%\u00bb max_width=\u00bb85%\u00bb locked=\u00bboff\u00bb global_colors_info=\u00bb{}\u00bb][et_pb_column type=\u00bb1_3&#8243; _builder_version=\u00bb4.19.0&#8243; _module_preset=\u00bbdefault\u00bb background_last_edited=\u00bbon|phone\u00bb background_enable_color_phone=\u00bboff\u00bb border_color_all=\u00bb#eeeeee\u00bb border_width_all_tablet=\u00bb\u00bb border_width_all_phone=\u00bb1px\u00bb border_width_all_last_edited=\u00bbon|phone\u00bb global_colors_info=\u00bb{}\u00bb][et_pb_image src=\u00bbhttps:\/\/www.lagardecodegua.cl\/es\/wp-content\/uploads\/2023\/09\/Cristian-Azocar-.png\u00bb title_text=\u00bbCristian-Azocar-\u00bb _builder_version=\u00bb4.21.0&#8243; _module_preset=\u00bbdefault\u00bb global_colors_info=\u00bb{}\u00bb][\/et_pb_image][et_pb_text _builder_version=\u00bb4.21.0&#8243; _module_preset=\u00bbdefault\u00bb text_font=\u00bb|300|||||||\u00bb text_text_color=\u00bb#444444&#8243; text_font_size=\u00bb15px\u00bb header_5_font=\u00bb|700|||||||\u00bb header_5_text_align=\u00bbcenter\u00bb header_5_text_color=\u00bb#000000&#8243; header_5_line_height=\u00bb1.7em\u00bb header_6_font=\u00bb||on||||||\u00bb header_6_text_align=\u00bbcenter\u00bb header_6_text_color=\u00bb#555555&#8243; background_enable_color=\u00bboff\u00bb text_orientation=\u00bbjustified\u00bb min_height=\u00bb450px\u00bb min_height_tablet=\u00bbauto\u00bb min_height_phone=\u00bbauto\u00bb min_height_last_edited=\u00bbon|desktop\u00bb custom_margin=\u00bb2em||||false|false\u00bb custom_margin_tablet=\u00bb0%||||false|false\u00bb custom_margin_phone=\u00bb||||false|false\u00bb custom_margin_last_edited=\u00bbon|phone\u00bb custom_padding=\u00bb1em|1em|2em|1em|false|true\u00bb custom_padding_tablet=\u00bb||2em||false|true\u00bb custom_padding_phone=\u00bb||2em||false|true\u00bb custom_padding_last_edited=\u00bbon|phone\u00bb hover_enabled=\u00bb0&#8243; global_colors_info=\u00bb{}\u00bb sticky_enabled=\u00bb0&#8243;]<\/p>\n<h5 class=\"lead\">Cristi\u00e1n Azocar<\/h5>\n<h6 class=\"lead\">En\u00f3logo<\/h6>\n<p>Cristi\u00e1n es Ingeniero Agr\u00f3nomo de la Universidad Cat\u00f3lica de Chile, en\u00f3logo con m\u00e1s de 20 a\u00f1os de experiencia en el Valle Cachapoal.<\/p>\n<p>[\/et_pb_text][\/et_pb_column][et_pb_column type=\u00bb1_3&#8243; _builder_version=\u00bb4.19.0&#8243; _module_preset=\u00bbdefault\u00bb border_color_all=\u00bb#eeeeee\u00bb border_width_all_tablet=\u00bb\u00bb border_width_all_phone=\u00bb1px\u00bb border_width_all_last_edited=\u00bbon|phone\u00bb global_colors_info=\u00bb{}\u00bb][et_pb_image src=\u00bbhttps:\/\/www.lagardecodegua.cl\/es\/wp-content\/uploads\/2023\/03\/Equipo-de-ventas.jpg\u00bb title_text=\u00bbEquipo de ventas\u00bb _builder_version=\u00bb4.19.0&#8243; _module_preset=\u00bbdefault\u00bb global_colors_info=\u00bb{}\u00bb][\/et_pb_image][et_pb_text _builder_version=\u00bb4.21.0&#8243; _module_preset=\u00bbdefault\u00bb text_font=\u00bb|300|||||||\u00bb text_text_color=\u00bb#444444&#8243; text_font_size=\u00bb15px\u00bb header_4_text_color=\u00bb#555555&#8243; header_4_font_size=\u00bb14px\u00bb header_5_font=\u00bb|700|||||||\u00bb header_5_text_align=\u00bbcenter\u00bb header_5_text_color=\u00bb#000000&#8243; header_5_line_height=\u00bb1.7em\u00bb header_6_font=\u00bb||on||||||\u00bb header_6_text_align=\u00bbcenter\u00bb header_6_text_color=\u00bb#555555&#8243; background_enable_color=\u00bboff\u00bb text_orientation=\u00bbjustified\u00bb min_height_tablet=\u00bbauto\u00bb min_height_phone=\u00bbauto\u00bb min_height_last_edited=\u00bboff|desktop\u00bb custom_margin=\u00bb0em||||false|false\u00bb custom_margin_tablet=\u00bb0%||||false|false\u00bb custom_margin_phone=\u00bb||||false|false\u00bb custom_margin_last_edited=\u00bbon|phone\u00bb custom_padding=\u00bb0em|1em||1em|false|true\u00bb custom_padding_tablet=\u00bb1em|1em||1em|false|true\u00bb custom_padding_phone=\u00bb1em|1em||1em|false|true\u00bb custom_padding_last_edited=\u00bbon|desktop\u00bb hover_enabled=\u00bb0&#8243; global_colors_info=\u00bb{}\u00bb sticky_enabled=\u00bb0&#8243;]<\/p>\n<h5 class=\"lead\"><span><strong>Equipo de Ventas<\/strong><\/span><\/h5>\n<h6 class=\"lead\">Nacional y Exportaciones<\/h6>\n<p>Su preocupaci\u00f3n y foco est\u00e1 en nuestros clientes y consumidores, que estos puedan conocer de nuestra Vi\u00f1a, sus cepas, ensamblajes y variedades, sin importar el nivel de conocimiento que tengan sobre el vino. Que el cari\u00f1o, entrega e integridad en todo lo que hacemos en Lagar, y un pedacito de Codegua, Chile, est\u00e9 presente en distinguidas mesas, celebraciones y momentos importantes de las vidas de nuestros clientes es lo que nos moviliza d\u00eda a d\u00eda.<\/p>\n<p>&nbsp;<\/p>\n<p>[\/et_pb_text][\/et_pb_column][et_pb_column type=\u00bb1_3&#8243; _builder_version=\u00bb4.19.0&#8243; _module_preset=\u00bbdefault\u00bb border_color_all=\u00bb#eeeeee\u00bb border_width_all_tablet=\u00bb\u00bb border_width_all_phone=\u00bb1px\u00bb border_width_all_last_edited=\u00bbon|phone\u00bb global_colors_info=\u00bb{}\u00bb][et_pb_image src=\u00bbhttps:\/\/www.lagardecodegua.cl\/es\/wp-content\/uploads\/2024\/11\/nuestro-staff.png\u00bb _builder_version=\u00bb4.21.0&#8243; _module_preset=\u00bbdefault\u00bb hover_enabled=\u00bb0&#8243; global_colors_info=\u00bb{}\u00bb title_text=\u00bbnuestro-staff\u00bb sticky_enabled=\u00bb0&#8243;][\/et_pb_image][et_pb_text _builder_version=\u00bb4.21.0&#8243; _module_preset=\u00bbdefault\u00bb text_font=\u00bb|300|||||||\u00bb text_text_color=\u00bb#444444&#8243; text_font_size=\u00bb15px\u00bb header_5_font=\u00bb|700|||||||\u00bb header_5_text_align=\u00bbcenter\u00bb header_5_text_color=\u00bb#000000&#8243; header_5_line_height=\u00bb1.7em\u00bb header_6_font=\u00bb||on||||||\u00bb header_6_text_align=\u00bbcenter\u00bb header_6_text_color=\u00bb#555555&#8243; background_enable_color=\u00bboff\u00bb text_orientation=\u00bbjustified\u00bb min_height=\u00bb450px\u00bb min_height_tablet=\u00bbauto\u00bb min_height_phone=\u00bbauto\u00bb min_height_last_edited=\u00bbon|phone\u00bb custom_margin=\u00bb2em||||false|false\u00bb custom_margin_tablet=\u00bb0%||||false|false\u00bb custom_margin_phone=\u00bb||||false|false\u00bb custom_margin_last_edited=\u00bbon|phone\u00bb custom_padding=\u00bb1em|1em||1em|false|true\u00bb custom_padding_tablet=\u00bb1em|1em||1em|false|true\u00bb custom_padding_phone=\u00bb1em|1em||1em|false|true\u00bb custom_padding_last_edited=\u00bbon|desktop\u00bb hover_enabled=\u00bb0&#8243; global_colors_info=\u00bb{}\u00bb sticky_enabled=\u00bb0&#8243;]<\/p>\n<h5 class=\"lead\"><span><strong>Nuestro Staff<\/strong><\/span><\/h5>\n<h6 class=\"lead\"><\/h6>\n<p>El equipo Lagar, es parte fundamental en el desarrollo de todo lo que hacemos como empresa, en su gran mayor\u00eda nuestros colaboradores del \u00e1rea agr\u00edcola, bodega y producci\u00f3n, nos acompa\u00f1an desde los inicios y siempre se han caracterizado por formar parte de la localidad. <br \/>Buscamos la excelencia en todo lo que nos proponemos, y como Familia Lagar somos personas excepcionales, integrales, comprometidas, motivadas y profesionales en la b\u00fasqueda de convertir a nuestra Vi\u00f1a y sus vinos en una experiencia \u00fanica. Mantener nuestra reputaci\u00f3n de alta calidad, integridad y la autenticidad de nuestras cepas, siempre buscando la excelencia como base en todo lo que hacemos, es nuestra prioridad.<\/p>\n<p>&nbsp;<\/p>\n<p>[\/et_pb_text][\/et_pb_column][\/et_pb_row][et_pb_row _builder_version=\u00bb4.21.0&#8243; _module_preset=\u00bbdefault\u00bb custom_margin=\u00bb6%||2%||false|false\u00bb custom_padding=\u00bb||3px|||\u00bb global_colors_info=\u00bb{}\u00bb][et_pb_column type=\u00bb4_4&#8243; _builder_version=\u00bb4.19.0&#8243; _module_preset=\u00bbdefault\u00bb global_colors_info=\u00bb{}\u00bb][et_pb_text _builder_version=\u00bb4.21.0&#8243; _module_preset=\u00bbdefault\u00bb text_font=\u00bb|300|||||||\u00bb text_text_color=\u00bb#444444&#8243; text_font_size=\u00bb15px\u00bb text_orientation=\u00bbjustified\u00bb custom_margin=\u00bb||||false|false\u00bb custom_margin_tablet=\u00bb0%||||false|false\u00bb custom_margin_phone=\u00bb||||false|false\u00bb custom_margin_last_edited=\u00bbon|phone\u00bb custom_padding=\u00bb||||false|false\u00bb hover_enabled=\u00bb0&#8243; global_colors_info=\u00bb{}\u00bb sticky_enabled=\u00bb0&#8243;]<\/p>\n<p class=\"lead\"><span data-contrast=\"auto\" style=\"font-size: 12pt; line-height: 21.5833px; font-family: Calibri, 'Calibri_EmbeddedFont', 'Calibri_MSFontService', sans-serif;\" xml:lang=\"ES-ES\" lang=\"ES-ES\" class=\"TextRun SCXW75286250 BCX2\"><span class=\"NormalTextRun SCXW75286250 BCX2\">Somos parte de Ruta Cachapoal y miembros de Wines of Chile.<\/span><\/span><\/p>\n<p>[\/et_pb_text][\/et_pb_column][\/et_pb_row][et_pb_row column_structure=\u00bb1_3,1_3,1_3&#8243; _builder_version=\u00bb4.19.0&#8243; _module_preset=\u00bbdefault\u00bb custom_margin=\u00bb2%||2%||true|false\u00bb custom_css_main_element=\u00bbdisplay: flex;\u00bb global_colors_info=\u00bb{}\u00bb][et_pb_column type=\u00bb1_3&#8243; _builder_version=\u00bb4.19.0&#8243; _module_preset=\u00bbdefault\u00bb global_colors_info=\u00bb{}\u00bb][et_pb_image src=\u00bbhttps:\/\/www.lagardecodegua.cl\/es\/wp-content\/uploads\/2023\/02\/ruta-del-Cachapoal-black-.png\u00bb title_text=\u00bbRuta de Cachapoal\u00bb url=\u00bbhttps:\/\/www.cachapoalwines.cl\/\u00bb url_new_window=\u00bbon\u00bb _builder_version=\u00bb4.21.0&#8243; _module_preset=\u00bbdefault\u00bb width=\u00bb50%\u00bb width_tablet=\u00bb70%\u00bb width_phone=\u00bb100%\u00bb width_last_edited=\u00bbon|phone\u00bb hover_enabled=\u00bb0&#8243; global_colors_info=\u00bb{}\u00bb sticky_enabled=\u00bb0&#8243;][\/et_pb_image][\/et_pb_column][et_pb_column type=\u00bb1_3&#8243; _builder_version=\u00bb4.19.0&#8243; _module_preset=\u00bbdefault\u00bb global_colors_info=\u00bb{}\u00bb][et_pb_image src=\u00bbhttps:\/\/www.lagardecodegua.cl\/es\/wp-content\/uploads\/2023\/02\/wines-of-Chile-black.png\u00bb url=\u00bbhttps:\/\/www.winesofchile.org\/\u00bb url_new_window=\u00bbon\u00bb _builder_version=\u00bb4.21.0&#8243; _module_preset=\u00bbdefault\u00bb width=\u00bb50%\u00bb width_tablet=\u00bb70%\u00bb width_phone=\u00bb100%\u00bb width_last_edited=\u00bbon|phone\u00bb custom_padding=\u00bb||||false|false\u00bb hover_enabled=\u00bb0&#8243; global_colors_info=\u00bb{}\u00bb sticky_enabled=\u00bb0&#8243;][\/et_pb_image][\/et_pb_column][et_pb_column type=\u00bb1_3&#8243; _builder_version=\u00bb4.19.0&#8243; _module_preset=\u00bbdefault\u00bb global_colors_info=\u00bb{}\u00bb][\/et_pb_column][\/et_pb_row][\/et_pb_section]<\/p>\n","protected":false},"excerpt":{"rendered":"<p>FAMILIAOriginarios de un peque\u00f1o pueblo llamado Chiusa di Pesio, localidad italiana ubicada en la Regi\u00f3n de Piamonte, nuestros antepasados dejaron sus tierras vin\u00edcolas para emprender y buscar mejores oportunidades en Mendoza, Argentina inicialmente, llegando a Chile a principios del siglo pasado para establecerse tambi\u00e9n, en una zona de \u201cuvas\u201d. Varias generaciones despu\u00e9s y remontando la [&hellip;]<\/p>\n","protected":false},"author":1,"featured_media":0,"parent":0,"menu_order":0,"comment_status":"closed","ping_status":"closed","template":"","meta":{"_et_pb_use_builder":"on","_et_pb_old_content":"","_et_gb_content_width":"","footnotes":""},"class_list":["post-8671","page","type-page","status-publish","hentry"],"_links":{"self":[{"href":"https:\/\/www.lagardecodegua.cl\/es\/index.php\/wp-json\/wp\/v2\/pages\/8671","targetHints":{"allow":["GET"]}}],"collection":[{"href":"https:\/\/www.lagardecodegua.cl\/es\/index.php\/wp-json\/wp\/v2\/pages"}],"about":[{"href":"https:\/\/www.lagardecodegua.cl\/es\/index.php\/wp-json\/wp\/v2\/types\/page"}],"author":[{"embeddable":true,"href":"https:\/\/www.lagardecodegua.cl\/es\/index.php\/wp-json\/wp\/v2\/users\/1"}],"replies":[{"embeddable":true,"href":"https:\/\/www.lagardecodegua.cl\/es\/index.php\/wp-json\/wp\/v2\/comments?post=8671"}],"version-history":[{"count":58,"href":"https:\/\/www.lagardecodegua.cl\/es\/index.php\/wp-json\/wp\/v2\/pages\/8671\/revisions"}],"predecessor-version":[{"id":9804,"href":"https:\/\/www.lagardecodegua.cl\/es\/index.php\/wp-json\/wp\/v2\/pages\/8671\/revisions\/9804"}],"wp:attachment":[{"href":"https:\/\/www.lagardecodegua.cl\/es\/index.php\/wp-json\/wp\/v2\/media?parent=8671"}],"curies":[{"name":"wp","href":"https:\/\/api.w.org\/{rel}","templated":true}]}}