{"id":10885,"date":"2025-12-02T02:55:39","date_gmt":"2025-12-02T02:55:39","guid":{"rendered":"https:\/\/www.lagardecodegua.cl\/es\/?post_type=product&#038;p=10885"},"modified":"2025-12-02T02:58:39","modified_gmt":"2025-12-02T02:58:39","slug":"promo-aluvion","status":"publish","type":"product","link":"https:\/\/www.lagardecodegua.cl\/es\/index.php\/producto\/promo-aluvion\/","title":{"rendered":"Promo Aluvi\u00f3n"},"content":{"rendered":"","protected":false},"excerpt":{"rendered":"<p>Descripci\u00f3n: Una caja de 6 botellas de Aluvi\u00f3n Ensamblaje 2018.<\/p>\n","protected":false},"featured_media":10881,"template":"","meta":{"_et_pb_use_builder":"","_et_pb_old_content":"","_et_gb_content_width":""},"product_brand":[],"product_cat":[40],"product_tag":[],"class_list":{"0":"post-10885","1":"product","2":"type-product","3":"status-publish","4":"has-post-thumbnail","6":"product_cat-pack","8":"first","9":"instock","10":"sale","11":"shipping-taxable","12":"purchasable","13":"product-type-simple"},"_links":{"self":[{"href":"https:\/\/www.lagardecodegua.cl\/es\/index.php\/wp-json\/wp\/v2\/product\/10885","targetHints":{"allow":["GET"]}}],"collection":[{"href":"https:\/\/www.lagardecodegua.cl\/es\/index.php\/wp-json\/wp\/v2\/product"}],"about":[{"href":"https:\/\/www.lagardecodegua.cl\/es\/index.php\/wp-json\/wp\/v2\/types\/product"}],"wp:featuredmedia":[{"embeddable":true,"href":"https:\/\/www.lagardecodegua.cl\/es\/index.php\/wp-json\/wp\/v2\/media\/10881"}],"wp:attachment":[{"href":"https:\/\/www.lagardecodegua.cl\/es\/index.php\/wp-json\/wp\/v2\/media?parent=10885"}],"wp:term":[{"taxonomy":"product_brand","embeddable":true,"href":"https:\/\/www.lagardecodegua.cl\/es\/index.php\/wp-json\/wp\/v2\/product_brand?post=10885"},{"taxonomy":"product_cat","embeddable":true,"href":"https:\/\/www.lagardecodegua.cl\/es\/index.php\/wp-json\/wp\/v2\/product_cat?post=10885"},{"taxonomy":"product_tag","embeddable":true,"href":"https:\/\/www.lagardecodegua.cl\/es\/index.php\/wp-json\/wp\/v2\/product_tag?post=10885"}],"curies":[{"name":"wp","href":"https:\/\/api.w.org\/{rel}","templated":true}]}}