{"id":10972,"date":"2026-03-30T12:51:39","date_gmt":"2026-03-30T12:51:39","guid":{"rendered":"https:\/\/www.lagardecodegua.cl\/es\/?post_type=product&#038;p=10972"},"modified":"2026-03-30T12:55:32","modified_gmt":"2026-03-30T12:55:32","slug":"pack-historicos","status":"publish","type":"product","link":"https:\/\/www.lagardecodegua.cl\/es\/index.php\/producto\/pack-historicos\/","title":{"rendered":"Pack Hist\u00f3ricos"},"content":{"rendered":"","protected":false},"excerpt":{"rendered":"<p>Una caja de 6 botellas con 3 Syrah Edici\u00f3n Limitada y 3 botellas de Aluvi\u00f3n Ensamblaje.<\/p>\n","protected":false},"featured_media":10969,"template":"","meta":{"_et_pb_use_builder":"","_et_pb_old_content":"","_et_gb_content_width":""},"product_brand":[],"product_cat":[40],"product_tag":[],"class_list":{"0":"post-10972","1":"product","2":"type-product","3":"status-publish","4":"has-post-thumbnail","6":"product_cat-pack","8":"first","9":"instock","10":"sale","11":"shipping-taxable","12":"purchasable","13":"product-type-simple"},"_links":{"self":[{"href":"https:\/\/www.lagardecodegua.cl\/es\/index.php\/wp-json\/wp\/v2\/product\/10972","targetHints":{"allow":["GET"]}}],"collection":[{"href":"https:\/\/www.lagardecodegua.cl\/es\/index.php\/wp-json\/wp\/v2\/product"}],"about":[{"href":"https:\/\/www.lagardecodegua.cl\/es\/index.php\/wp-json\/wp\/v2\/types\/product"}],"wp:featuredmedia":[{"embeddable":true,"href":"https:\/\/www.lagardecodegua.cl\/es\/index.php\/wp-json\/wp\/v2\/media\/10969"}],"wp:attachment":[{"href":"https:\/\/www.lagardecodegua.cl\/es\/index.php\/wp-json\/wp\/v2\/media?parent=10972"}],"wp:term":[{"taxonomy":"product_brand","embeddable":true,"href":"https:\/\/www.lagardecodegua.cl\/es\/index.php\/wp-json\/wp\/v2\/product_brand?post=10972"},{"taxonomy":"product_cat","embeddable":true,"href":"https:\/\/www.lagardecodegua.cl\/es\/index.php\/wp-json\/wp\/v2\/product_cat?post=10972"},{"taxonomy":"product_tag","embeddable":true,"href":"https:\/\/www.lagardecodegua.cl\/es\/index.php\/wp-json\/wp\/v2\/product_tag?post=10972"}],"curies":[{"name":"wp","href":"https:\/\/api.w.org\/{rel}","templated":true}]}}