{"id":9713,"date":"2024-06-18T04:26:56","date_gmt":"2024-06-18T04:26:56","guid":{"rendered":"https:\/\/www.lagardecodegua.cl\/es\/?post_type=product&#038;p=9713"},"modified":"2025-12-17T15:32:24","modified_gmt":"2025-12-17T15:32:24","slug":"amalgama-2019","status":"publish","type":"product","link":"https:\/\/www.lagardecodegua.cl\/es\/index.php\/producto\/amalgama-2019\/","title":{"rendered":"Amalgama 2019"},"content":{"rendered":"<p>[et_pb_section fb_built=\u00bb1&#8243; _builder_version=\u00bb4.16&#8243; custom_padding=\u00bb0px||||false|false\u00bb global_colors_info=\u00bb{}\u00bb][et_pb_row _builder_version=\u00bb4.16&#8243; background_size=\u00bbinitial\u00bb background_position=\u00bbtop_left\u00bb background_repeat=\u00bbrepeat\u00bb width=\u00bb100%\u00bb custom_padding=\u00bb0px||0px||false|false\u00bb global_colors_info=\u00bb{}\u00bb][et_pb_column type=\u00bb4_4&#8243; _builder_version=\u00bb4.16&#8243; custom_padding=\u00bb|||\u00bb global_colors_info=\u00bb{}\u00bb custom_padding__hover=\u00bb|||\u00bb][et_pb_wc_breadcrumb _builder_version=\u00bb4.16&#8243; global_colors_info=\u00bb{}\u00bb][\/et_pb_wc_breadcrumb][et_pb_wc_cart_notice _builder_version=\u00bb4.16&#8243; global_colors_info=\u00bb{}\u00bb][\/et_pb_wc_cart_notice][\/et_pb_column][\/et_pb_row][et_pb_row column_structure=\u00bb1_2,1_2&#8243; _builder_version=\u00bb4.16&#8243; background_size=\u00bbinitial\u00bb background_position=\u00bbtop_left\u00bb background_repeat=\u00bbrepeat\u00bb width=\u00bb100%\u00bb custom_padding=\u00bb0px||||false|false\u00bb global_colors_info=\u00bb{}\u00bb][et_pb_column type=\u00bb1_2&#8243; _builder_version=\u00bb4.16&#8243; custom_padding=\u00bb|||\u00bb global_colors_info=\u00bb{}\u00bb custom_padding__hover=\u00bb|||\u00bb][et_pb_wc_images _builder_version=\u00bb4.16&#8243; global_colors_info=\u00bb{}\u00bb][\/et_pb_wc_images][\/et_pb_column][et_pb_column type=\u00bb1_2&#8243; _builder_version=\u00bb4.16&#8243; custom_padding=\u00bb|||\u00bb global_colors_info=\u00bb{}\u00bb custom_padding__hover=\u00bb|||\u00bb][et_pb_wc_title _builder_version=\u00bb4.16&#8243; global_colors_info=\u00bb{}\u00bb][\/et_pb_wc_title][et_pb_wc_rating _builder_version=\u00bb4.16&#8243; global_colors_info=\u00bb{}\u00bb][\/et_pb_wc_rating][et_pb_wc_price _builder_version=\u00bb4.16&#8243; global_colors_info=\u00bb{}\u00bb][\/et_pb_wc_price][et_pb_wc_description _builder_version=\u00bb4.16&#8243; global_colors_info=\u00bb{}\u00bb][\/et_pb_wc_description][et_pb_wc_add_to_cart _builder_version=\u00bb4.16&#8243; global_colors_info=\u00bb{}\u00bb][\/et_pb_wc_add_to_cart][et_pb_wc_meta _builder_version=\u00bb4.16&#8243; global_colors_info=\u00bb{}\u00bb][\/et_pb_wc_meta][et_pb_button button_url=\u00bb@ET-DC@eyJkeW5hbWljIjp0cnVlLCJjb250ZW50IjoicG9zdF9saW5rX3VybF9hdHRhY2htZW50Iiwic2V0dGluZ3MiOnsicG9zdF9pZCI6Ijk4ODgifX0=@\u00bb url_new_window=\u00bbon\u00bb button_text=\u00bb- Ficha T\u00e9cnica -\u00bb button_alignment=\u00bbcenter\u00bb button_alignment_tablet=\u00bbleft\u00bb button_alignment_phone=\u00bbleft\u00bb button_alignment_last_edited=\u00bbon|phone\u00bb admin_label=\u00bbBot\u00f3n &#8211; Ver Ficha\u00bb _builder_version=\u00bb4.21.0&#8243; _dynamic_attributes=\u00bbbutton_url\u00bb _module_preset=\u00bbdefault\u00bb custom_margin_tablet=\u00bb|||5%|false|false\u00bb custom_margin_phone=\u00bb|||5%|false|false\u00bb custom_margin_last_edited=\u00bbon|phone\u00bb locked=\u00bboff\u00bb global_colors_info=\u00bb{}\u00bb custom_css_main_element_last_edited=\u00bbon|phone\u00bb custom_css_main_element_tablet=\u00bbwidth:55%;||text-align:center;\u00bb custom_css_main_element_phone=\u00bbwidth:40%;||text-align:center;\u00bb][\/et_pb_button][\/et_pb_column][\/et_pb_row][et_pb_row _builder_version=\u00bb4.16&#8243; background_size=\u00bbinitial\u00bb background_position=\u00bbtop_left\u00bb background_repeat=\u00bbrepeat\u00bb width=\u00bb100%\u00bb global_colors_info=\u00bb{}\u00bb][et_pb_column type=\u00bb4_4&#8243; _builder_version=\u00bb4.16&#8243; custom_padding=\u00bb|||\u00bb global_colors_info=\u00bb{}\u00bb custom_padding__hover=\u00bb|||\u00bb][et_pb_wc_tabs _builder_version=\u00bb4.16&#8243; global_colors_info=\u00bb{}\u00bb]\t\t\t\t\t[\/et_pb_wc_tabs][et_pb_wc_upsells _builder_version=\u00bb4.16&#8243; global_colors_info=\u00bb{}\u00bb][\/et_pb_wc_upsells][et_pb_wc_related_products _builder_version=\u00bb4.16&#8243; global_colors_info=\u00bb{}\u00bb][\/et_pb_wc_related_products][\/et_pb_column][\/et_pb_row][\/et_pb_section]<\/p>\n","protected":false},"excerpt":{"rendered":"<p>&nbsp;<\/p>\n<p><strong>NOTAS DE CATA<\/strong><br \/>\nDe color rub\u00ed profundo con ribetes viol\u00e1ceos. Tiene una nariz compleja con notas c\u00e1rnicas y especiadas dadas por el Syrah, que se ensamblan muy bien con la fruta negra, casis y especias que aporta el Cabernet Sauvignon. Esta es una mezcla de cuerpo medio con una boca jugosa, fresca y una estructura bien pulida.<\/p>\n<p>&nbsp;<\/p>\n<table class=\"table table-sm table-borderless\" style=\"width: 578px;\">\n<tbody>\n<tr>\n<th style=\"width: 103.15px;\">Variedad<\/th>\n<td style=\"width: 461.25px;\">70% Syrah y 30% Cabernet Sauvignon<\/td>\n<\/tr>\n<tr>\n<th style=\"width: 103.15px;\">ALC %<\/th>\n<td style=\"width: 461.25px;\">14 \u00b0GL<\/td>\n<\/tr>\n<tr>\n<th style=\"width: 103.15px;\">Origen<\/th>\n<td style=\"width: 461.25px;\">Valle del Cachapoal<\/td>\n<\/tr>\n<tr>\n<th style=\"width: 103.15px;\">Producci\u00f3n<\/th>\n<td style=\"width: 461.25px;\">25.000 botellas aprox.<\/td>\n<\/tr>\n<tr>\n<th style=\"width: 103.15px;\"><\/th>\n<td style=\"width: 461.25px;\"><\/td>\n<\/tr>\n<\/tbody>\n<\/table>\n<a href='https:\/\/www.lagardecodegua.cl\/es\/wp-content\/uploads\/2024\/11\/AMALGAMA-GRL-ESP.png' class='small-button smallblack' target=\"_blank\">VER FICHA<\/a>\n","protected":false},"featured_media":9714,"template":"","meta":{"_et_pb_use_builder":"on","_et_pb_old_content":"","_et_gb_content_width":""},"product_brand":[],"product_cat":[38],"product_tag":[],"class_list":{"0":"post-9713","1":"product","2":"type-product","3":"status-publish","4":"has-post-thumbnail","6":"product_cat-serie-lagar","8":"first","9":"instock","10":"purchasable","11":"product-type-simple"},"_links":{"self":[{"href":"https:\/\/www.lagardecodegua.cl\/es\/index.php\/wp-json\/wp\/v2\/product\/9713","targetHints":{"allow":["GET"]}}],"collection":[{"href":"https:\/\/www.lagardecodegua.cl\/es\/index.php\/wp-json\/wp\/v2\/product"}],"about":[{"href":"https:\/\/www.lagardecodegua.cl\/es\/index.php\/wp-json\/wp\/v2\/types\/product"}],"wp:featuredmedia":[{"embeddable":true,"href":"https:\/\/www.lagardecodegua.cl\/es\/index.php\/wp-json\/wp\/v2\/media\/9714"}],"wp:attachment":[{"href":"https:\/\/www.lagardecodegua.cl\/es\/index.php\/wp-json\/wp\/v2\/media?parent=9713"}],"wp:term":[{"taxonomy":"product_brand","embeddable":true,"href":"https:\/\/www.lagardecodegua.cl\/es\/index.php\/wp-json\/wp\/v2\/product_brand?post=9713"},{"taxonomy":"product_cat","embeddable":true,"href":"https:\/\/www.lagardecodegua.cl\/es\/index.php\/wp-json\/wp\/v2\/product_cat?post=9713"},{"taxonomy":"product_tag","embeddable":true,"href":"https:\/\/www.lagardecodegua.cl\/es\/index.php\/wp-json\/wp\/v2\/product_tag?post=9713"}],"curies":[{"name":"wp","href":"https:\/\/api.w.org\/{rel}","templated":true}]}}